{"id":4556,"date":"2025-06-13T10:07:44","date_gmt":"2025-06-13T08:07:44","guid":{"rendered":"https:\/\/hiperdecoracio.com\/?page_id=4556"},"modified":"2025-06-13T10:49:41","modified_gmt":"2025-06-13T08:49:41","slug":"politica-de-privacidad","status":"publish","type":"page","link":"https:\/\/hiperdecoracio.com\/es\/politica-de-privacidad\/","title":{"rendered":"Pol\u00edtica de Privacidad"},"content":{"rendered":"\t\t<div data-elementor-type=\"wp-page\" data-elementor-id=\"4556\" class=\"elementor elementor-4556 elementor-20\" data-elementor-post-type=\"page\">\n\t\t\t\t<div class=\"elementor-element elementor-element-34f9e4c8 e-flex e-con-boxed e-con e-parent\" data-id=\"34f9e4c8\" data-element_type=\"container\" data-e-type=\"container\">\n\t\t\t\t\t<div class=\"e-con-inner\">\n\t\t\t\t<div class=\"elementor-element elementor-element-ea83ba4 elementor-widget elementor-widget-heading\" data-id=\"ea83ba4\" data-element_type=\"widget\" data-e-type=\"widget\" data-widget_type=\"heading.default\">\n\t\t\t\t<div class=\"elementor-widget-container\">\n\t\t\t\t\t<h2 class=\"elementor-heading-title elementor-size-default\">Pol\u00edtica de Privacidad<\/h2>\t\t\t\t<\/div>\n\t\t\t\t<\/div>\n\t\t\t\t<div class=\"elementor-element elementor-element-1612f2fe elementor-widget elementor-widget-text-editor\" data-id=\"1612f2fe\" data-element_type=\"widget\" data-e-type=\"widget\" data-widget_type=\"text-editor.default\">\n\t\t\t\t<div class=\"elementor-widget-container\">\n\t\t\t\t\t\t\t\t\t\n<p class=\"p1\"><span class=\"s1\"><b>AV\u00cdS LEGAL<\/b><\/span><\/p>\n<p class=\"p2\"><span class=\"s1\"><b>POLITICA DE PRIVACITAT<\/b><\/span><\/p>\n<p class=\"p2\"><span class=\"s1\">El Reglament General de protecci\u00f3 de dades de la UE 2016\/679 (RGPD) indica que les organitzacions que recapten i \/ o realitzen activitats de tractament de dades personals, hauran d\u2019implementar les mesures t\u00e8cniques i organitzatives necess\u00e0ries per tal de garantir la protecci\u00f3 dels mateixos , la privacitat i els drets i llibertats de les persones titulars de les dades personals.<\/span><\/p>\n<p class=\"p2\"><span class=\"s1\">L\u2019entitat HIPERDECORACI\u00d3, S.A. amb CIF A-17080177 i domicili social a AV. XILE, 17800, Olot (Girona), tel\u00e8fon 972 272 568 , email\u00a0<a href=\"mailto:oficina@hiperdecoracio.com\"><span class=\"s2\">oficina@hiperdecoracio.com<\/span><\/a>, l\u2019informa que tractem les dades personals que ens facilita amb les finalitats indicades m\u00e9s avall. Les dades proporcionades es conservaran mentre es mantingui la relaci\u00f3 comercial o durant els anys necessaris per complir amb les obligacions legals. Les dades no se cediran a tercers excepte en els casos en qu\u00e8 hi hagi una obligaci\u00f3 legal.<\/span><\/p>\n<p class=\"p2\"><span class=\"s1\">Vost\u00e8 t\u00e9 dret a obtenir confirmaci\u00f3 sobre si en la nostra entitat estem tractant les seves dades personals per tant t\u00e9 dret a accedir a les seves dades personals, rectificar les dades inexactes o sol\u00b7licitar la seva supressi\u00f3 quan les dades ja no siguin necessaris.<\/span><\/p>\n<p class=\"p2\"><span class=\"s1\"><b>POLITICA DE PRIVACITAT I PROTECCI\u00d3 DE DADES<\/b><\/span><\/p>\n<p class=\"p2\"><span class=\"s1\"><b>1.-INFORMACI\u00d3\u00a0GENERAL<\/b><\/span><\/p>\n<p class=\"p2\"><span class=\"s1\">Aquesta \u201cpol\u00edtica de Privacitat i Protecci\u00f3 de Dades\u201d t\u00e9 com a finalitat donar a con\u00e8ixer les condicions que regeixen la recollida i tractament de les seves dades personals per part de la nostra entitat o grup corporatiu per vetllar pels drets fonamentals, el seu honor i llibertats, tot aix\u00f2 en compliment de les normatives vigents que regulen la protecci\u00f3 de dades personals segons la Uni\u00f3 Europea i l\u2019Estat Membre espanyol.<\/span><\/p>\n<p class=\"p2\"><span class=\"s1\">En conformitat amb aquestes normatives, necessitem disposar de la seva autoritzaci\u00f3 i consentiment per a la recollida i el tractament de les seves dades personals, de manera que a continuaci\u00f3, us expliquem tots els detalls del seu inter\u00e8s respecte a com vam realitzar aquests processos, amb quines finalitats, que altres entitats podrien tenir acc\u00e9s a les seves dades i quins s\u00f3n els seus drets.<\/span><\/p>\n<p class=\"p2\"><span class=\"s1\"><b>2.- RESPONSABLE DEL TRACTAMENT<\/b><\/span><\/p>\n<p class=\"p2\"><span class=\"s1\">El Responsable del Tractament de Dades \u00e9s aquella persona f\u00edsica o jur\u00eddica, de naturalesa p\u00fablica o privada, o \u00f2rgan administratiu, que sol o conjuntament amb altres determini els fins i mitjans del tractament de dades personals; en cas que els fins i mitjans del tractament estiguin determinats pel Dret de la Uni\u00f3 Europea o de l\u2019estat membre espanyol.<\/span><\/p>\n<p class=\"p2\"><span class=\"s1\">En aquest cas, les nostres dades identificatives com a Responsable del Tractament s\u00f3n els seg\u00fcents:<\/span><\/p>\n<p class=\"p2\"><span class=\"s1\">HIPERDECORACI\u00d3, S.A.<\/span><\/p>\n<p class=\"p2\"><span class=\"s1\">AV. XILE, 17800, Olot (Girona).<span class=\"Apple-converted-space\">\u00a0\u00a0<\/span>\u2013 17800 \u2013 Olot (Girona)<\/span><\/p>\n<p class=\"p2\"><span class=\"s1\">Tel\u00e8fon 972 272 568<\/span><\/p>\n<p class=\"p3\"><span class=\"s3\">Email\u00a0<a href=\"mailto:oficina@hiperdecoracio.com\"><span class=\"s4\">oficina@hiperdecoracio.com<\/span><\/a><\/span><\/p>\n<p class=\"p2\"><span class=\"s1\">Aquest es el mateix domicili a on adre\u00e7ar-se per exercici el seus drets.<\/span><\/p>\n<p class=\"p2\"><span class=\"s1\">Disposem d\u2019una persona o entitat especialitzada en protecci\u00f3 de dades, que \u00e9s l\u2019encarregada de vetllar pel correcte compliment en la nostra entitat de la legislaci\u00f3 i normatives vigents. Aquesta persona rep el nom de Delegat de Protecci\u00f3 de Dades (DPO) o Responsable de Protecci\u00f3 de Dades i, si ho necessita, pot contactar amb ell a l\u2019anterior adre\u00e7a a l\u2019atenci\u00f3 del\u00a0Responsable de Protecci\u00f3 de Dades.<\/span><\/p>\n<p class=\"p2\"><span class=\"s1\"><b>3.- MESURES DE SEGURETAT<\/b><\/span><\/p>\n<p class=\"p2\"><span class=\"s1\">La nostra entitat o grup corporatiu adopta les mesures organitzatives i t\u00e8cniques necess\u00e0ries per garantir la seguretat i la privacitat de les seves dades, evitar la seva alteraci\u00f3, p\u00e8rdua, tractament o acc\u00e9s no autoritzat, depenent de l\u2019estat de la tecnologia, la naturalesa de les dades emmagatzemat i els riscos a qu\u00e8 estan exposats.<\/span><\/p>\n<p class=\"p2\"><span class=\"s1\">Entre d\u2019altres, destaquen les seg\u00fcents mesures:<\/span><\/p>\n<p class=\"p2\"><span class=\"s1\">\u00b7\u00a0\u00a0<span class=\"Apple-converted-space\">\u00a0 \u00a0\u00a0<\/span>\u00a01. Garantir la confidencialitat, integritat, disponibilitat i resili\u00e8ncia permanents dels sistemes i serveis de tractament.<\/span><\/p>\n<p class=\"p2\"><span class=\"s1\">\u00b7\u00a0\u00a0<span class=\"Apple-converted-space\">\u00a0 \u00a0\u00a0<\/span>\u00a02. Restaurar la disponibilitat i l\u2019acc\u00e9s a les dades personals de forma r\u00e0pida, en cas d\u2019incident f\u00edsic o t\u00e8cnic.<\/span><\/p>\n<p class=\"p2\"><span class=\"s1\">\u00b7\u00a0\u00a0<span class=\"Apple-converted-space\">\u00a0 \u00a0\u00a0<\/span>\u00a03. Verificar, avaluar i valorar, de manera regular, l\u2019efic\u00e0cia de les mesures t\u00e8cniques i organitzatives implementades per garantir la seguretat del tractament.<\/span><\/p>\n<p class=\"p2\"><span class=\"s1\">\u00b7\u00a0\u00a0<span class=\"Apple-converted-space\">\u00a0 \u00a0\u00a0<\/span>\u00a04. Seudonimizar i xifrar les dades personals, en cas que es tracti de dades sensibles.<\/span><\/p>\n<p class=\"p2\"><span class=\"s1\"><b>4.- FINALITAT DEL TRACTAMENT<\/b><\/span><\/p>\n<p class=\"p2\"><span class=\"s1\">Necessitem la seva autoritzaci\u00f3 i consentiment per demanar i tractar les seves dades personals, de manera que a continuaci\u00f3 li detallem els usos i finalitats previstes. Aix\u00ed i tot, durem a terme \u00fanicament les que vost\u00e8 ens hagi autoritzat mitjan\u00e7ant el \u201cFormulari d\u2019autoritzaci\u00f3\u201d del consentiment per al tractament de dades.<\/span><\/p>\n<p class=\"p2\"><span class=\"s1\">\u00b7\u00a0\u00a0<span class=\"Apple-converted-space\">\u00a0 \u00a0\u00a0<\/span>\u00a0Comunicacions comercials, de novetats, incidencies, informatives.<\/span><\/p>\n<p class=\"p2\"><span class=\"s1\">\u00b7\u00a0\u00a0<span class=\"Apple-converted-space\">\u00a0 \u00a0\u00a0<\/span>\u00a0Compliment d\u2019obligacions mercantils i fiscals.<\/span><\/p>\n<p class=\"p2\"><span class=\"s1\">Utilitzem les teves dades durant el temps estrictament necessari per a complir les finalitats indicades anteriorment<\/span><\/p>\n<p class=\"p2\"><span class=\"s1\"><b>5.- LEGITIMACI\u00d3 DEL TRACTAMENT<\/b><\/span><\/p>\n<p class=\"p2\"><span class=\"s1\">La recollida i el tractament de les seves dades est\u00e0 legitimat sempre per una o diverses bases jur\u00eddiques.<\/span><\/p>\n<p class=\"p2\"><span class=\"s1\"><b>6.- DESTINATARIS DE LES SEVES DADES<\/b><\/span><\/p>\n<p class=\"p2\"><span class=\"s1\">De vegades, per poder complir amb les nostres obligacions legals i el nostre comprom\u00eds contractual amb vost\u00e8, ens veiem davant l\u2019obligaci\u00f3 i necessitat de cedir alguns dels seus dades a certes categories de destinataris, les quals especifiquem a continuaci\u00f3:<\/span><\/p>\n<p class=\"p3\"><span class=\"s3\">Agencia Tributaria<span class=\"Apple-converted-space\">\u00a0\u00a0<\/span>\u2013\u00a0<a href=\"http:\/\/www.agenciatributaria.es\/\"><span class=\"s4\">www.agenciatributaria.es<\/span><\/a><\/span><\/p>\n<p class=\"p2\"><span class=\"s1\">En els processos de tractaments de les seves dades realitzats per la nostra entitat, ens cal contractar serveis externs que poguessin implicar que les seves dades siguin emmagatzemades i \/ o tractats per organitzacions que estan establertes o operen des de fora de la Uni\u00f3 Europea, el que portaria impl\u00edcit que realitzem transfer\u00e8ncies internacionals de les seves dades. No estan previstes cap d\u2019aquestes transfer\u00e8ncies.<\/span><\/p>\n<p class=\"p2\"><span class=\"s1\"><b>7.- PROCED\u00c8NCIA I TIPUS DE DADES TRACTATS<\/b><\/span><\/p>\n<p class=\"p2\"><span class=\"s1\">La procedencia de les dades es del propi interessat o el seu representant legal.<\/span><\/p>\n<p class=\"p2\"><span class=\"s1\">El tipus de dades que hem recaptat i tractem son: Nom i cognoms, Adre\u00e7a postal, Adre\u00e7a electr\u00f2nica, NIF\/NIE\/Passaport, Tel\u00e8fons, web i Dades bancaries (si les ha proporcionat).<\/span><\/p>\n<p class=\"p2\"><span class=\"s1\"><b>8.- DRETS DELS INTERESSATS<\/b><\/span><\/p>\n<p class=\"p2\"><span class=\"s1\">La normativa vigent de protecci\u00f3 de dades li s\u2019empara en una s\u00e8rie de drets en relaci\u00f3 a l\u2019\u00fas que li donem a les dades. Tots i cadascun dels seus drets s\u00f3n unipersonals i intransferibles, \u00e9s a dir, que \u00fanicament poden ser realitzats pel titular de les dades, pr\u00e8via comprovaci\u00f3 de la seva identitat.<\/span><\/p>\n<p class=\"p2\"><span class=\"s1\">A continuaci\u00f3 t\u2019indiquem quins s\u00f3n els drets que l\u2019assisteixen:<\/span><\/p>\n<ul>\n<li class=\"p2\"><span class=\"s1\">Sol\u00b7licitar el ACC\u00c9S a les seves dades personals<\/span><\/li>\n<li class=\"p2\"><span class=\"s1\">Sol\u00b7licitar la RECTIFICACI\u00d3 de les seves dades<\/span><\/li>\n<li class=\"p2\"><span class=\"s1\">Sol\u00b7licitar la SUPRESSI\u00d3 o eliminaci\u00f3 de les seves dades (dret al \u201coblit\u201d)<\/span><\/li>\n<li class=\"p2\"><span class=\"s1\">LIMITAR o oposar a l\u2019\u00fas que li donem a les seves dades<\/span><\/li>\n<li class=\"p2\"><span class=\"s1\">Dret a la PORTABILITAT de les seves dades per a casos de serveis de telecomunicacions o internet.<\/span><\/li>\n<li class=\"p2\"><span class=\"s1\">Dret a RETIRAR el seu consentiment en qualsevol moment<\/span><\/li>\n<li class=\"p2\"><span class=\"s1\">Dret a presentar una RECLAMACI\u00d3 en mat\u00e8ria de protecci\u00f3 de dades davant l\u2019Autoritat de Control: Agencia de Protecci\u00f3 de Dades<\/span><\/li>\n<\/ul>\n<p class=\"p2\"><span class=\"s1\">Per a l\u2019exercici dels seus drets d\u2019acc\u00e9s, rectificaci\u00f3, supressi\u00f3, limitaci\u00f3 o oposici\u00f3, portabilitat i retirada del seu consentiment, pot fer-ho de la seg\u00fcent manera:<\/span><\/p>\n<p class=\"p2\"><span class=\"s1\">Mitjan\u00e7ant comunicaci\u00f3 escrita i fotoc\u00f2pia del DNI, indicant la refer\u00e8ncia RGPD adre\u00e7ada a:<\/span><\/p>\n<p class=\"p2\"><span class=\"s1\">HIPERDECORACI\u00d3, S.A.<\/span><\/p>\n<p class=\"p2\"><span class=\"s1\">Att. Responsable de Protecci\u00f3 de Dades.<\/span><\/p>\n<p class=\"p2\"><span class=\"s1\">AV. XILE, 17800, Olot (Girona)<\/span><\/p>\n<p class=\"p3\"><span class=\"s3\">Email:\u00a0<a href=\"mailto:oficina@hiperdecoracio.com\"><span class=\"s4\">oficina@hiperdecoracio.com<\/span><\/a><\/span><\/p>\n<p class=\"p2\"><span class=\"s1\">A m\u00e9s dels drets que l\u2019assisteixen, si creu que les seves dades no s\u2019estan recaptant o tractant d\u2019acord amb la normativa vigent de Protecci\u00f3 de Dades, vost\u00e8 podr\u00e0 realitzar una reclamaci\u00f3 davant l\u2019Autoritat de Control:\u00a0<span class=\"Apple-converted-space\">\u00a0\u00a0<\/span><a href=\"http:\/\/www.agpd.es\/\"><span class=\"s2\">www.agpd.es<\/span><\/a><span class=\"Apple-converted-space\">\u00a0 \u00a0 \u00a0 \u00a0<\/span><\/span><\/p>\n<p class=\"p2\"><span class=\"s1\">Pol\u00edtica de Cookies<\/span><\/p>\n<p class=\"p2\"><span class=\"s1\">En compliment amb el que estableix la Llei 34\/2002 de 11 de Juliol, de Serveis de la Societat de la Informaci\u00f3 i el Comer\u00e7 Electr\u00f2nic (LSSICE), s\u2019informa dels seg\u00fcents aspectes legals:<\/span><\/p>\n<p class=\"p2\"><span class=\"s1\"><b>PROPIETAT DEL LLOC WEB<\/b><\/span><\/p>\n<p class=\"p2\"><span class=\"s1\">Responsable:HIPERDECORACI\u00d3, S.A.<\/span><\/p>\n<p class=\"p2\"><span class=\"s1\">Nif: B17353459<\/span><\/p>\n<p class=\"p2\"><span class=\"s1\">Direcci\u00f3: AV. XILE, 17800, Olot (Girona).<\/span><\/p>\n<p class=\"p2\"><span class=\"s1\">Tel\u00e8fon: 972 272 568<\/span><\/p>\n<p class=\"p3\"><span class=\"s3\">Email:\u00a0<a href=\"mailto:oficina@hiperdecoracio.com\"><span class=\"s4\">oficina@hiperdecoracio.com<\/span><\/a><\/span><\/p>\n<p class=\"p2\"><span class=\"s1\">Registre Mercantil de Girona, Tom 926, Foli 182, Full GI 9869, Insc. 7a<\/span><\/p>\n<p class=\"p2\"><span class=\"s1\">Activitat: Disseny i desenvolupament de Software, comercialitzaci\u00f3 de Hardware, instal.laci\u00f3 i manteniment de hardware i xarxes.<\/span><\/p>\n\t\t\t\t\t\t\t\t<\/div>\n\t\t\t\t<\/div>\n\t\t\t\t\t<\/div>\n\t\t\t\t<\/div>\n\t\t<div class=\"elementor-element elementor-element-fbc5441 e-flex e-con-boxed e-con e-parent\" data-id=\"fbc5441\" data-element_type=\"container\" data-e-type=\"container\">\n\t\t\t\t\t<div class=\"e-con-inner\">\n\t\t\t\t<div class=\"elementor-element elementor-element-788538b elementor-widget elementor-widget-spacer\" data-id=\"788538b\" data-element_type=\"widget\" data-e-type=\"widget\" data-widget_type=\"spacer.default\">\n\t\t\t\t<div class=\"elementor-widget-container\">\n\t\t\t\t\t\t\t<div class=\"elementor-spacer\">\n\t\t\t<div class=\"elementor-spacer-inner\"><\/div>\n\t\t<\/div>\n\t\t\t\t\t\t<\/div>\n\t\t\t\t<\/div>\n\t\t\t\t\t<\/div>\n\t\t\t\t<\/div>\n\t\t\t\t<\/div>\n\t\t","protected":false},"excerpt":{"rendered":"<p>AV\u00cdS LEGAL POLITICA DE PRIVACITAT El Reglament General de protecci\u00f3 de dades de la UE 2016\/679 (RGPD) indica que les organitzacions que recapten i \/ o realitzen activitats de tractament de dades personals, hauran d\u2019implementar les mesures t\u00e8cniques i organitzatives necess\u00e0ries per tal de garantir la protecci\u00f3 dels mateixos , la privacitat i els drets [&hellip;]<\/p>\n","protected":false},"author":1,"featured_media":521,"parent":0,"menu_order":0,"comment_status":"closed","ping_status":"closed","template":"elementor_header_footer","meta":{"footnotes":""},"class_list":["post-4556","page","type-page","status-publish","has-post-thumbnail","hentry"],"yoast_head":"<!-- This site is optimized with the Yoast SEO plugin v27.5 - https:\/\/yoast.com\/product\/yoast-seo-wordpress\/ -->\n<title>Pol\u00edtica de Privacidad - Hiperdecoraci\u00f3<\/title>\n<meta name=\"description\" content=\"Consulte la Pol\u00edtica de Privacidad de Hiperdecoraci\u00f3 para conocer c\u00f3mo tratamos tus datos personales y garantizamos tu privacidad.\" \/>\n<meta name=\"robots\" content=\"index, follow, max-snippet:-1, max-image-preview:large, max-video-preview:-1\" \/>\n<link rel=\"canonical\" href=\"https:\/\/hiperdecoracio.com\/es\/politica-de-privacidad\/\" \/>\n<meta property=\"og:locale\" content=\"es_ES\" \/>\n<meta property=\"og:type\" content=\"article\" \/>\n<meta property=\"og:title\" content=\"Pol\u00edtica de Privacidad - Hiperdecoraci\u00f3\" \/>\n<meta property=\"og:description\" content=\"Consulte la Pol\u00edtica de Privacidad de Hiperdecoraci\u00f3 para conocer c\u00f3mo tratamos tus datos personales y garantizamos tu privacidad.\" \/>\n<meta property=\"og:url\" content=\"https:\/\/hiperdecoracio.com\/es\/politica-de-privacidad\/\" \/>\n<meta property=\"og:site_name\" content=\"Hiperdecoraci\u00f3\" \/>\n<meta property=\"article:publisher\" content=\"https:\/\/facebook.com\/Hiperdecoracio\" \/>\n<meta property=\"article:modified_time\" content=\"2025-06-13T08:49:41+00:00\" \/>\n<meta property=\"og:image\" content=\"https:\/\/hiperdecoracio.com\/wp-content\/uploads\/2025\/05\/hiperdecoracio-favicon.webp\" \/>\n\t<meta property=\"og:image:width\" content=\"227\" \/>\n\t<meta property=\"og:image:height\" content=\"227\" \/>\n\t<meta property=\"og:image:type\" content=\"image\/webp\" \/>\n<meta name=\"twitter:card\" content=\"summary_large_image\" \/>\n<meta name=\"twitter:label1\" content=\"Tiempo de lectura\" \/>\n\t<meta name=\"twitter:data1\" content=\"7 minutos\" \/>\n<script type=\"application\/ld+json\" class=\"yoast-schema-graph\">{\"@context\":\"https:\\\/\\\/schema.org\",\"@graph\":[{\"@type\":\"WebPage\",\"@id\":\"https:\\\/\\\/hiperdecoracio.com\\\/es\\\/politica-de-privacidad\\\/\",\"url\":\"https:\\\/\\\/hiperdecoracio.com\\\/es\\\/politica-de-privacidad\\\/\",\"name\":\"Pol\u00edtica de Privacidad - Hiperdecoraci\u00f3\",\"isPartOf\":{\"@id\":\"https:\\\/\\\/hiperdecoracio.com\\\/es\\\/#website\"},\"primaryImageOfPage\":{\"@id\":\"https:\\\/\\\/hiperdecoracio.com\\\/es\\\/politica-de-privacidad\\\/#primaryimage\"},\"image\":{\"@id\":\"https:\\\/\\\/hiperdecoracio.com\\\/es\\\/politica-de-privacidad\\\/#primaryimage\"},\"thumbnailUrl\":\"https:\\\/\\\/hiperdecoracio.com\\\/wp-content\\\/uploads\\\/2025\\\/05\\\/hiperdecoracio-favicon.webp\",\"datePublished\":\"2025-06-13T08:07:44+00:00\",\"dateModified\":\"2025-06-13T08:49:41+00:00\",\"description\":\"Consulte la Pol\u00edtica de Privacidad de Hiperdecoraci\u00f3 para conocer c\u00f3mo tratamos tus datos personales y garantizamos tu privacidad.\",\"breadcrumb\":{\"@id\":\"https:\\\/\\\/hiperdecoracio.com\\\/es\\\/politica-de-privacidad\\\/#breadcrumb\"},\"inLanguage\":\"es\",\"potentialAction\":[{\"@type\":\"ReadAction\",\"target\":[\"https:\\\/\\\/hiperdecoracio.com\\\/es\\\/politica-de-privacidad\\\/\"]}]},{\"@type\":\"ImageObject\",\"inLanguage\":\"es\",\"@id\":\"https:\\\/\\\/hiperdecoracio.com\\\/es\\\/politica-de-privacidad\\\/#primaryimage\",\"url\":\"https:\\\/\\\/hiperdecoracio.com\\\/wp-content\\\/uploads\\\/2025\\\/05\\\/hiperdecoracio-favicon.webp\",\"contentUrl\":\"https:\\\/\\\/hiperdecoracio.com\\\/wp-content\\\/uploads\\\/2025\\\/05\\\/hiperdecoracio-favicon.webp\",\"width\":227,\"height\":227},{\"@type\":\"BreadcrumbList\",\"@id\":\"https:\\\/\\\/hiperdecoracio.com\\\/es\\\/politica-de-privacidad\\\/#breadcrumb\",\"itemListElement\":[{\"@type\":\"ListItem\",\"position\":1,\"name\":\"Inici\",\"item\":\"https:\\\/\\\/hiperdecoracio.com\\\/es\\\/inicio\\\/\"},{\"@type\":\"ListItem\",\"position\":2,\"name\":\"Pol\u00edtica de Privacidad\"}]},{\"@type\":\"WebSite\",\"@id\":\"https:\\\/\\\/hiperdecoracio.com\\\/es\\\/#website\",\"url\":\"https:\\\/\\\/hiperdecoracio.com\\\/es\\\/\",\"name\":\"Hiperdecoraci\u00f3\",\"description\":\"Tot en pintures i decoraci\u00f3\",\"publisher\":{\"@id\":\"https:\\\/\\\/hiperdecoracio.com\\\/es\\\/#organization\"},\"potentialAction\":[{\"@type\":\"SearchAction\",\"target\":{\"@type\":\"EntryPoint\",\"urlTemplate\":\"https:\\\/\\\/hiperdecoracio.com\\\/es\\\/?s={search_term_string}\"},\"query-input\":{\"@type\":\"PropertyValueSpecification\",\"valueRequired\":true,\"valueName\":\"search_term_string\"}}],\"inLanguage\":\"es\"},{\"@type\":\"Organization\",\"@id\":\"https:\\\/\\\/hiperdecoracio.com\\\/es\\\/#organization\",\"name\":\"Hiperdecoraci\u00f3n\",\"url\":\"https:\\\/\\\/hiperdecoracio.com\\\/es\\\/\",\"logo\":{\"@type\":\"ImageObject\",\"inLanguage\":\"es\",\"@id\":\"https:\\\/\\\/hiperdecoracio.com\\\/es\\\/#\\\/schema\\\/logo\\\/image\\\/\",\"url\":\"https:\\\/\\\/hiperdecoracio.com\\\/wp-content\\\/uploads\\\/2025\\\/05\\\/logo-hiperdecoracio.jpg.webp\",\"contentUrl\":\"https:\\\/\\\/hiperdecoracio.com\\\/wp-content\\\/uploads\\\/2025\\\/05\\\/logo-hiperdecoracio.jpg.webp\",\"width\":233,\"height\":84,\"caption\":\"Hiperdecoraci\u00f3n\"},\"image\":{\"@id\":\"https:\\\/\\\/hiperdecoracio.com\\\/es\\\/#\\\/schema\\\/logo\\\/image\\\/\"},\"sameAs\":[\"https:\\\/\\\/facebook.com\\\/Hiperdecoracio\",\"https:\\\/\\\/www.instagram.com\\\/hiperdecoracio\"]}]}<\/script>\n<!-- \/ Yoast SEO plugin. -->","yoast_head_json":{"title":"Pol\u00edtica de Privacidad - Hiperdecoraci\u00f3","description":"Consulte la Pol\u00edtica de Privacidad de Hiperdecoraci\u00f3 para conocer c\u00f3mo tratamos tus datos personales y garantizamos tu privacidad.","robots":{"index":"index","follow":"follow","max-snippet":"max-snippet:-1","max-image-preview":"max-image-preview:large","max-video-preview":"max-video-preview:-1"},"canonical":"https:\/\/hiperdecoracio.com\/es\/politica-de-privacidad\/","og_locale":"es_ES","og_type":"article","og_title":"Pol\u00edtica de Privacidad - Hiperdecoraci\u00f3","og_description":"Consulte la Pol\u00edtica de Privacidad de Hiperdecoraci\u00f3 para conocer c\u00f3mo tratamos tus datos personales y garantizamos tu privacidad.","og_url":"https:\/\/hiperdecoracio.com\/es\/politica-de-privacidad\/","og_site_name":"Hiperdecoraci\u00f3","article_publisher":"https:\/\/facebook.com\/Hiperdecoracio","article_modified_time":"2025-06-13T08:49:41+00:00","og_image":[{"width":227,"height":227,"url":"https:\/\/hiperdecoracio.com\/wp-content\/uploads\/2025\/05\/hiperdecoracio-favicon.webp","type":"image\/webp"}],"twitter_card":"summary_large_image","twitter_misc":{"Tiempo de lectura":"7 minutos"},"schema":{"@context":"https:\/\/schema.org","@graph":[{"@type":"WebPage","@id":"https:\/\/hiperdecoracio.com\/es\/politica-de-privacidad\/","url":"https:\/\/hiperdecoracio.com\/es\/politica-de-privacidad\/","name":"Pol\u00edtica de Privacidad - Hiperdecoraci\u00f3","isPartOf":{"@id":"https:\/\/hiperdecoracio.com\/es\/#website"},"primaryImageOfPage":{"@id":"https:\/\/hiperdecoracio.com\/es\/politica-de-privacidad\/#primaryimage"},"image":{"@id":"https:\/\/hiperdecoracio.com\/es\/politica-de-privacidad\/#primaryimage"},"thumbnailUrl":"https:\/\/hiperdecoracio.com\/wp-content\/uploads\/2025\/05\/hiperdecoracio-favicon.webp","datePublished":"2025-06-13T08:07:44+00:00","dateModified":"2025-06-13T08:49:41+00:00","description":"Consulte la Pol\u00edtica de Privacidad de Hiperdecoraci\u00f3 para conocer c\u00f3mo tratamos tus datos personales y garantizamos tu privacidad.","breadcrumb":{"@id":"https:\/\/hiperdecoracio.com\/es\/politica-de-privacidad\/#breadcrumb"},"inLanguage":"es","potentialAction":[{"@type":"ReadAction","target":["https:\/\/hiperdecoracio.com\/es\/politica-de-privacidad\/"]}]},{"@type":"ImageObject","inLanguage":"es","@id":"https:\/\/hiperdecoracio.com\/es\/politica-de-privacidad\/#primaryimage","url":"https:\/\/hiperdecoracio.com\/wp-content\/uploads\/2025\/05\/hiperdecoracio-favicon.webp","contentUrl":"https:\/\/hiperdecoracio.com\/wp-content\/uploads\/2025\/05\/hiperdecoracio-favicon.webp","width":227,"height":227},{"@type":"BreadcrumbList","@id":"https:\/\/hiperdecoracio.com\/es\/politica-de-privacidad\/#breadcrumb","itemListElement":[{"@type":"ListItem","position":1,"name":"Inici","item":"https:\/\/hiperdecoracio.com\/es\/inicio\/"},{"@type":"ListItem","position":2,"name":"Pol\u00edtica de Privacidad"}]},{"@type":"WebSite","@id":"https:\/\/hiperdecoracio.com\/es\/#website","url":"https:\/\/hiperdecoracio.com\/es\/","name":"Hiperdecoraci\u00f3","description":"Tot en pintures i decoraci\u00f3","publisher":{"@id":"https:\/\/hiperdecoracio.com\/es\/#organization"},"potentialAction":[{"@type":"SearchAction","target":{"@type":"EntryPoint","urlTemplate":"https:\/\/hiperdecoracio.com\/es\/?s={search_term_string}"},"query-input":{"@type":"PropertyValueSpecification","valueRequired":true,"valueName":"search_term_string"}}],"inLanguage":"es"},{"@type":"Organization","@id":"https:\/\/hiperdecoracio.com\/es\/#organization","name":"Hiperdecoraci\u00f3n","url":"https:\/\/hiperdecoracio.com\/es\/","logo":{"@type":"ImageObject","inLanguage":"es","@id":"https:\/\/hiperdecoracio.com\/es\/#\/schema\/logo\/image\/","url":"https:\/\/hiperdecoracio.com\/wp-content\/uploads\/2025\/05\/logo-hiperdecoracio.jpg.webp","contentUrl":"https:\/\/hiperdecoracio.com\/wp-content\/uploads\/2025\/05\/logo-hiperdecoracio.jpg.webp","width":233,"height":84,"caption":"Hiperdecoraci\u00f3n"},"image":{"@id":"https:\/\/hiperdecoracio.com\/es\/#\/schema\/logo\/image\/"},"sameAs":["https:\/\/facebook.com\/Hiperdecoracio","https:\/\/www.instagram.com\/hiperdecoracio"]}]}},"_links":{"self":[{"href":"https:\/\/hiperdecoracio.com\/es\/wp-json\/wp\/v2\/pages\/4556","targetHints":{"allow":["GET"]}}],"collection":[{"href":"https:\/\/hiperdecoracio.com\/es\/wp-json\/wp\/v2\/pages"}],"about":[{"href":"https:\/\/hiperdecoracio.com\/es\/wp-json\/wp\/v2\/types\/page"}],"author":[{"embeddable":true,"href":"https:\/\/hiperdecoracio.com\/es\/wp-json\/wp\/v2\/users\/1"}],"replies":[{"embeddable":true,"href":"https:\/\/hiperdecoracio.com\/es\/wp-json\/wp\/v2\/comments?post=4556"}],"version-history":[{"count":4,"href":"https:\/\/hiperdecoracio.com\/es\/wp-json\/wp\/v2\/pages\/4556\/revisions"}],"predecessor-version":[{"id":4728,"href":"https:\/\/hiperdecoracio.com\/es\/wp-json\/wp\/v2\/pages\/4556\/revisions\/4728"}],"wp:featuredmedia":[{"embeddable":true,"href":"https:\/\/hiperdecoracio.com\/es\/wp-json\/wp\/v2\/media\/521"}],"wp:attachment":[{"href":"https:\/\/hiperdecoracio.com\/es\/wp-json\/wp\/v2\/media?parent=4556"}],"curies":[{"name":"wp","href":"https:\/\/api.w.org\/{rel}","templated":true}]}}