{"id":8292,"date":"2026-02-19T12:42:14","date_gmt":"2026-02-19T11:42:14","guid":{"rendered":"https:\/\/hiperdecoracio.com\/producte\/veneziani-imprimacion-epoxi-adherpox\/"},"modified":"2026-02-19T12:42:14","modified_gmt":"2026-02-19T11:42:14","slug":"veneziani-imprimacion-epoxi-adherpox","status":"publish","type":"product","link":"https:\/\/hiperdecoracio.com\/es\/producte\/veneziani-imprimacion-epoxi-adherpox\/","title":{"rendered":"VENEZIANI IMPRIMACION EPOXI ADHERPOX"},"content":{"rendered":"<p>Imprimaci\u00f3n epox\u00eddica bicomponente modificada, ideal tanto en obra viva como en obra muerta. Debido a la presencia de materias primas especiales, Adherpox es una excelente imprimaci\u00f3n para todo tipo de soporte (incluidas aleaciones ligeras) y, si se aplica en varias manos, crea una excelente barrera anticorrosiva.<br \/>\nGracias al alto contenido de s\u00f3lidos en volumen, respeta las normativas sobre los VOC. Su peculiaridad es que puede ser recubierto despu\u00e9s de un tiempo: en un plazo de 3 meses con todo tipo de antiincrustante y de 6 meses con el mismo producto, sin necesidad de lijar. <\/p>\n","protected":false},"excerpt":{"rendered":"<p>Imprimaci\u00f3n epox\u00eddica bicomponente modificada, ideal tanto en obra viva como en obra muerta. Debido a la presencia de materias primas especiales, Adherpox es una excelente imprimaci\u00f3n para todo tipo de soporte (incluidas aleaciones ligeras) y, si se aplica en varias manos, crea una excelente barrera anticorrosiva. Gracias al alto contenido de s\u00f3lidos en volumen, respeta [&hellip;]<\/p>\n","protected":false},"featured_media":7725,"comment_status":"open","ping_status":"closed","template":"","meta":[],"product_brand":[],"product_cat":[2024],"product_tag":[],"class_list":{"0":"post-8292","1":"product","2":"type-product","3":"status-publish","4":"has-post-thumbnail","6":"product_cat-imprimaciones","8":"first","9":"instock","10":"sale","11":"shipping-taxable","12":"purchasable","13":"product-type-simple"},"yoast_head":"<!-- This site is optimized with the Yoast SEO plugin v27.3 - https:\/\/yoast.com\/product\/yoast-seo-wordpress\/ -->\n<title>VENEZIANI IMPRIMACION EPOXI ADHERPOX - Hiperdecoraci\u00f3<\/title>\n<meta name=\"robots\" content=\"index, follow, max-snippet:-1, max-image-preview:large, max-video-preview:-1\" \/>\n<link rel=\"canonical\" href=\"https:\/\/hiperdecoracio.com\/es\/producte\/veneziani-imprimacion-epoxi-adherpox\/\" \/>\n<meta property=\"og:locale\" content=\"es_ES\" \/>\n<meta property=\"og:type\" content=\"article\" \/>\n<meta property=\"og:title\" content=\"VENEZIANI IMPRIMACION EPOXI ADHERPOX - Hiperdecoraci\u00f3\" \/>\n<meta property=\"og:description\" content=\"Imprimaci\u00f3n epox\u00eddica bicomponente modificada, ideal tanto en obra viva como en obra muerta. Debido a la presencia de materias primas especiales, Adherpox es una excelente imprimaci\u00f3n para todo tipo de soporte (incluidas aleaciones ligeras) y, si se aplica en varias manos, crea una excelente barrera anticorrosiva. Gracias al alto contenido de s\u00f3lidos en volumen, respeta [&hellip;]\" \/>\n<meta property=\"og:url\" content=\"https:\/\/hiperdecoracio.com\/es\/producte\/veneziani-imprimacion-epoxi-adherpox\/\" \/>\n<meta property=\"og:site_name\" content=\"Hiperdecoraci\u00f3\" \/>\n<meta property=\"article:publisher\" content=\"https:\/\/facebook.com\/Hiperdecoracio\" \/>\n<meta property=\"og:image\" content=\"https:\/\/hiperdecoracio.com\/wp-content\/uploads\/2026\/02\/NAUTICAADHERPOX.jpg\" \/>\n\t<meta property=\"og:image:width\" content=\"500\" \/>\n\t<meta property=\"og:image:height\" content=\"500\" \/>\n\t<meta property=\"og:image:type\" content=\"image\/jpeg\" \/>\n<meta name=\"twitter:card\" content=\"summary_large_image\" \/>\n<script type=\"application\/ld+json\" class=\"yoast-schema-graph\">{\"@context\":\"https:\\\/\\\/schema.org\",\"@graph\":[{\"@type\":\"WebPage\",\"@id\":\"https:\\\/\\\/hiperdecoracio.com\\\/es\\\/producte\\\/veneziani-imprimacion-epoxi-adherpox\\\/\",\"url\":\"https:\\\/\\\/hiperdecoracio.com\\\/es\\\/producte\\\/veneziani-imprimacion-epoxi-adherpox\\\/\",\"name\":\"VENEZIANI IMPRIMACION EPOXI ADHERPOX - Hiperdecoraci\u00f3\",\"isPartOf\":{\"@id\":\"https:\\\/\\\/hiperdecoracio.com\\\/es\\\/#website\"},\"primaryImageOfPage\":{\"@id\":\"https:\\\/\\\/hiperdecoracio.com\\\/es\\\/producte\\\/veneziani-imprimacion-epoxi-adherpox\\\/#primaryimage\"},\"image\":{\"@id\":\"https:\\\/\\\/hiperdecoracio.com\\\/es\\\/producte\\\/veneziani-imprimacion-epoxi-adherpox\\\/#primaryimage\"},\"thumbnailUrl\":\"https:\\\/\\\/hiperdecoracio.com\\\/wp-content\\\/uploads\\\/2026\\\/02\\\/NAUTICAADHERPOX.jpg\",\"datePublished\":\"2026-02-19T11:42:14+00:00\",\"breadcrumb\":{\"@id\":\"https:\\\/\\\/hiperdecoracio.com\\\/es\\\/producte\\\/veneziani-imprimacion-epoxi-adherpox\\\/#breadcrumb\"},\"inLanguage\":\"es\",\"potentialAction\":[{\"@type\":\"ReadAction\",\"target\":[\"https:\\\/\\\/hiperdecoracio.com\\\/es\\\/producte\\\/veneziani-imprimacion-epoxi-adherpox\\\/\"]}]},{\"@type\":\"ImageObject\",\"inLanguage\":\"es\",\"@id\":\"https:\\\/\\\/hiperdecoracio.com\\\/es\\\/producte\\\/veneziani-imprimacion-epoxi-adherpox\\\/#primaryimage\",\"url\":\"https:\\\/\\\/hiperdecoracio.com\\\/wp-content\\\/uploads\\\/2026\\\/02\\\/NAUTICAADHERPOX.jpg\",\"contentUrl\":\"https:\\\/\\\/hiperdecoracio.com\\\/wp-content\\\/uploads\\\/2026\\\/02\\\/NAUTICAADHERPOX.jpg\",\"width\":500,\"height\":500},{\"@type\":\"BreadcrumbList\",\"@id\":\"https:\\\/\\\/hiperdecoracio.com\\\/es\\\/producte\\\/veneziani-imprimacion-epoxi-adherpox\\\/#breadcrumb\",\"itemListElement\":[{\"@type\":\"ListItem\",\"position\":1,\"name\":\"Inici\",\"item\":\"https:\\\/\\\/hiperdecoracio.com\\\/es\\\/\"},{\"@type\":\"ListItem\",\"position\":2,\"name\":\"Tienda\",\"item\":\"https:\\\/\\\/hiperdecoracio.com\\\/es\\\/tienda\\\/\"},{\"@type\":\"ListItem\",\"position\":3,\"name\":\"VENEZIANI IMPRIMACION EPOXI ADHERPOX\"}]},{\"@type\":\"WebSite\",\"@id\":\"https:\\\/\\\/hiperdecoracio.com\\\/es\\\/#website\",\"url\":\"https:\\\/\\\/hiperdecoracio.com\\\/es\\\/\",\"name\":\"Hiperdecoraci\u00f3\",\"description\":\"Tot en pintures i decoraci\u00f3\",\"publisher\":{\"@id\":\"https:\\\/\\\/hiperdecoracio.com\\\/es\\\/#organization\"},\"potentialAction\":[{\"@type\":\"SearchAction\",\"target\":{\"@type\":\"EntryPoint\",\"urlTemplate\":\"https:\\\/\\\/hiperdecoracio.com\\\/es\\\/?s={search_term_string}\"},\"query-input\":{\"@type\":\"PropertyValueSpecification\",\"valueRequired\":true,\"valueName\":\"search_term_string\"}}],\"inLanguage\":\"es\"},{\"@type\":\"Organization\",\"@id\":\"https:\\\/\\\/hiperdecoracio.com\\\/es\\\/#organization\",\"name\":\"Hiperdecoraci\u00f3n\",\"url\":\"https:\\\/\\\/hiperdecoracio.com\\\/es\\\/\",\"logo\":{\"@type\":\"ImageObject\",\"inLanguage\":\"es\",\"@id\":\"https:\\\/\\\/hiperdecoracio.com\\\/es\\\/#\\\/schema\\\/logo\\\/image\\\/\",\"url\":\"https:\\\/\\\/hiperdecoracio.com\\\/wp-content\\\/uploads\\\/2025\\\/05\\\/logo-hiperdecoracio.jpg.webp\",\"contentUrl\":\"https:\\\/\\\/hiperdecoracio.com\\\/wp-content\\\/uploads\\\/2025\\\/05\\\/logo-hiperdecoracio.jpg.webp\",\"width\":233,\"height\":84,\"caption\":\"Hiperdecoraci\u00f3n\"},\"image\":{\"@id\":\"https:\\\/\\\/hiperdecoracio.com\\\/es\\\/#\\\/schema\\\/logo\\\/image\\\/\"},\"sameAs\":[\"https:\\\/\\\/facebook.com\\\/Hiperdecoracio\",\"https:\\\/\\\/www.instagram.com\\\/hiperdecoracio\"]}]}<\/script>\n<!-- \/ Yoast SEO plugin. -->","yoast_head_json":{"title":"VENEZIANI IMPRIMACION EPOXI ADHERPOX - Hiperdecoraci\u00f3","robots":{"index":"index","follow":"follow","max-snippet":"max-snippet:-1","max-image-preview":"max-image-preview:large","max-video-preview":"max-video-preview:-1"},"canonical":"https:\/\/hiperdecoracio.com\/es\/producte\/veneziani-imprimacion-epoxi-adherpox\/","og_locale":"es_ES","og_type":"article","og_title":"VENEZIANI IMPRIMACION EPOXI ADHERPOX - Hiperdecoraci\u00f3","og_description":"Imprimaci\u00f3n epox\u00eddica bicomponente modificada, ideal tanto en obra viva como en obra muerta. Debido a la presencia de materias primas especiales, Adherpox es una excelente imprimaci\u00f3n para todo tipo de soporte (incluidas aleaciones ligeras) y, si se aplica en varias manos, crea una excelente barrera anticorrosiva. Gracias al alto contenido de s\u00f3lidos en volumen, respeta [&hellip;]","og_url":"https:\/\/hiperdecoracio.com\/es\/producte\/veneziani-imprimacion-epoxi-adherpox\/","og_site_name":"Hiperdecoraci\u00f3","article_publisher":"https:\/\/facebook.com\/Hiperdecoracio","og_image":[{"width":500,"height":500,"url":"https:\/\/hiperdecoracio.com\/wp-content\/uploads\/2026\/02\/NAUTICAADHERPOX.jpg","type":"image\/jpeg"}],"twitter_card":"summary_large_image","schema":{"@context":"https:\/\/schema.org","@graph":[{"@type":"WebPage","@id":"https:\/\/hiperdecoracio.com\/es\/producte\/veneziani-imprimacion-epoxi-adherpox\/","url":"https:\/\/hiperdecoracio.com\/es\/producte\/veneziani-imprimacion-epoxi-adherpox\/","name":"VENEZIANI IMPRIMACION EPOXI ADHERPOX - Hiperdecoraci\u00f3","isPartOf":{"@id":"https:\/\/hiperdecoracio.com\/es\/#website"},"primaryImageOfPage":{"@id":"https:\/\/hiperdecoracio.com\/es\/producte\/veneziani-imprimacion-epoxi-adherpox\/#primaryimage"},"image":{"@id":"https:\/\/hiperdecoracio.com\/es\/producte\/veneziani-imprimacion-epoxi-adherpox\/#primaryimage"},"thumbnailUrl":"https:\/\/hiperdecoracio.com\/wp-content\/uploads\/2026\/02\/NAUTICAADHERPOX.jpg","datePublished":"2026-02-19T11:42:14+00:00","breadcrumb":{"@id":"https:\/\/hiperdecoracio.com\/es\/producte\/veneziani-imprimacion-epoxi-adherpox\/#breadcrumb"},"inLanguage":"es","potentialAction":[{"@type":"ReadAction","target":["https:\/\/hiperdecoracio.com\/es\/producte\/veneziani-imprimacion-epoxi-adherpox\/"]}]},{"@type":"ImageObject","inLanguage":"es","@id":"https:\/\/hiperdecoracio.com\/es\/producte\/veneziani-imprimacion-epoxi-adherpox\/#primaryimage","url":"https:\/\/hiperdecoracio.com\/wp-content\/uploads\/2026\/02\/NAUTICAADHERPOX.jpg","contentUrl":"https:\/\/hiperdecoracio.com\/wp-content\/uploads\/2026\/02\/NAUTICAADHERPOX.jpg","width":500,"height":500},{"@type":"BreadcrumbList","@id":"https:\/\/hiperdecoracio.com\/es\/producte\/veneziani-imprimacion-epoxi-adherpox\/#breadcrumb","itemListElement":[{"@type":"ListItem","position":1,"name":"Inici","item":"https:\/\/hiperdecoracio.com\/es\/"},{"@type":"ListItem","position":2,"name":"Tienda","item":"https:\/\/hiperdecoracio.com\/es\/tienda\/"},{"@type":"ListItem","position":3,"name":"VENEZIANI IMPRIMACION EPOXI ADHERPOX"}]},{"@type":"WebSite","@id":"https:\/\/hiperdecoracio.com\/es\/#website","url":"https:\/\/hiperdecoracio.com\/es\/","name":"Hiperdecoraci\u00f3","description":"Tot en pintures i decoraci\u00f3","publisher":{"@id":"https:\/\/hiperdecoracio.com\/es\/#organization"},"potentialAction":[{"@type":"SearchAction","target":{"@type":"EntryPoint","urlTemplate":"https:\/\/hiperdecoracio.com\/es\/?s={search_term_string}"},"query-input":{"@type":"PropertyValueSpecification","valueRequired":true,"valueName":"search_term_string"}}],"inLanguage":"es"},{"@type":"Organization","@id":"https:\/\/hiperdecoracio.com\/es\/#organization","name":"Hiperdecoraci\u00f3n","url":"https:\/\/hiperdecoracio.com\/es\/","logo":{"@type":"ImageObject","inLanguage":"es","@id":"https:\/\/hiperdecoracio.com\/es\/#\/schema\/logo\/image\/","url":"https:\/\/hiperdecoracio.com\/wp-content\/uploads\/2025\/05\/logo-hiperdecoracio.jpg.webp","contentUrl":"https:\/\/hiperdecoracio.com\/wp-content\/uploads\/2025\/05\/logo-hiperdecoracio.jpg.webp","width":233,"height":84,"caption":"Hiperdecoraci\u00f3n"},"image":{"@id":"https:\/\/hiperdecoracio.com\/es\/#\/schema\/logo\/image\/"},"sameAs":["https:\/\/facebook.com\/Hiperdecoracio","https:\/\/www.instagram.com\/hiperdecoracio"]}]}},"_links":{"self":[{"href":"https:\/\/hiperdecoracio.com\/es\/wp-json\/wp\/v2\/product\/8292","targetHints":{"allow":["GET"]}}],"collection":[{"href":"https:\/\/hiperdecoracio.com\/es\/wp-json\/wp\/v2\/product"}],"about":[{"href":"https:\/\/hiperdecoracio.com\/es\/wp-json\/wp\/v2\/types\/product"}],"replies":[{"embeddable":true,"href":"https:\/\/hiperdecoracio.com\/es\/wp-json\/wp\/v2\/comments?post=8292"}],"wp:featuredmedia":[{"embeddable":true,"href":"https:\/\/hiperdecoracio.com\/es\/wp-json\/wp\/v2\/media\/7725"}],"wp:attachment":[{"href":"https:\/\/hiperdecoracio.com\/es\/wp-json\/wp\/v2\/media?parent=8292"}],"wp:term":[{"taxonomy":"product_brand","embeddable":true,"href":"https:\/\/hiperdecoracio.com\/es\/wp-json\/wp\/v2\/product_brand?post=8292"},{"taxonomy":"product_cat","embeddable":true,"href":"https:\/\/hiperdecoracio.com\/es\/wp-json\/wp\/v2\/product_cat?post=8292"},{"taxonomy":"product_tag","embeddable":true,"href":"https:\/\/hiperdecoracio.com\/es\/wp-json\/wp\/v2\/product_tag?post=8292"}],"curies":[{"name":"wp","href":"https:\/\/api.w.org\/{rel}","templated":true}]}}