{"id":8299,"date":"2026-02-19T12:42:32","date_gmt":"2026-02-19T11:42:32","guid":{"rendered":"https:\/\/hiperdecoracio.com\/producte\/boero-masilla-epoyacht\/"},"modified":"2026-02-19T12:42:32","modified_gmt":"2026-02-19T11:42:32","slug":"boero-masilla-epoyacht","status":"publish","type":"product","link":"https:\/\/hiperdecoracio.com\/es\/producte\/boero-masilla-epoyacht\/","title":{"rendered":"BOERO MASILLA EPOYACHT"},"content":{"rendered":"<p>Masilla epoxi lleugera, sin disolventes, que ofrece una buena flexibilidad y resistencia al impacto con una contracci\u00f3n m\u00ednima.<br \/>\n F\u00e1cil de mezclar los dos componentes y aplicar cono esp\u00e1tula o lana, formando capas para reducir el riesgo de atrapamiento de aire. F\u00e1cil de lijar hasta obtener una superficie lisa una vez curado. <\/p>\n","protected":false},"excerpt":{"rendered":"<p>Masilla epoxi lleugera, sin disolventes, que ofrece una buena flexibilidad y resistencia al impacto con una contracci\u00f3n m\u00ednima. F\u00e1cil de mezclar los dos componentes y aplicar cono esp\u00e1tula o lana, formando capas para reducir el riesgo de atrapamiento de aire. F\u00e1cil de lijar hasta obtener una superficie lisa una vez curado.<\/p>\n","protected":false},"featured_media":7797,"comment_status":"open","ping_status":"closed","template":"","meta":[],"product_brand":[],"product_cat":[2020],"product_tag":[],"class_list":{"0":"post-8299","1":"product","2":"type-product","3":"status-publish","4":"has-post-thumbnail","6":"product_cat-masillas","8":"first","9":"outofstock","10":"sale","11":"shipping-taxable","12":"purchasable","13":"product-type-simple"},"yoast_head":"<!-- This site is optimized with the Yoast SEO plugin v27.3 - https:\/\/yoast.com\/product\/yoast-seo-wordpress\/ -->\n<title>BOERO MASILLA EPOYACHT - Hiperdecoraci\u00f3<\/title>\n<meta name=\"robots\" content=\"index, follow, max-snippet:-1, max-image-preview:large, max-video-preview:-1\" \/>\n<link rel=\"canonical\" href=\"https:\/\/hiperdecoracio.com\/es\/producte\/boero-masilla-epoyacht\/\" \/>\n<meta property=\"og:locale\" content=\"es_ES\" \/>\n<meta property=\"og:type\" content=\"article\" \/>\n<meta property=\"og:title\" content=\"BOERO MASILLA EPOYACHT - Hiperdecoraci\u00f3\" \/>\n<meta property=\"og:description\" content=\"Masilla epoxi lleugera, sin disolventes, que ofrece una buena flexibilidad y resistencia al impacto con una contracci\u00f3n m\u00ednima. F\u00e1cil de mezclar los dos componentes y aplicar cono esp\u00e1tula o lana, formando capas para reducir el riesgo de atrapamiento de aire. F\u00e1cil de lijar hasta obtener una superficie lisa una vez curado.\" \/>\n<meta property=\"og:url\" content=\"https:\/\/hiperdecoracio.com\/es\/producte\/boero-masilla-epoyacht\/\" \/>\n<meta property=\"og:site_name\" content=\"Hiperdecoraci\u00f3\" \/>\n<meta property=\"article:publisher\" content=\"https:\/\/facebook.com\/Hiperdecoracio\" \/>\n<meta property=\"og:image\" content=\"https:\/\/hiperdecoracio.com\/wp-content\/uploads\/2026\/02\/NAUTICAEPOYACHT.jpg\" \/>\n\t<meta property=\"og:image:width\" content=\"500\" \/>\n\t<meta property=\"og:image:height\" content=\"500\" \/>\n\t<meta property=\"og:image:type\" content=\"image\/jpeg\" \/>\n<meta name=\"twitter:card\" content=\"summary_large_image\" \/>\n<script type=\"application\/ld+json\" class=\"yoast-schema-graph\">{\"@context\":\"https:\\\/\\\/schema.org\",\"@graph\":[{\"@type\":\"WebPage\",\"@id\":\"https:\\\/\\\/hiperdecoracio.com\\\/es\\\/producte\\\/boero-masilla-epoyacht\\\/\",\"url\":\"https:\\\/\\\/hiperdecoracio.com\\\/es\\\/producte\\\/boero-masilla-epoyacht\\\/\",\"name\":\"BOERO MASILLA EPOYACHT - Hiperdecoraci\u00f3\",\"isPartOf\":{\"@id\":\"https:\\\/\\\/hiperdecoracio.com\\\/es\\\/#website\"},\"primaryImageOfPage\":{\"@id\":\"https:\\\/\\\/hiperdecoracio.com\\\/es\\\/producte\\\/boero-masilla-epoyacht\\\/#primaryimage\"},\"image\":{\"@id\":\"https:\\\/\\\/hiperdecoracio.com\\\/es\\\/producte\\\/boero-masilla-epoyacht\\\/#primaryimage\"},\"thumbnailUrl\":\"https:\\\/\\\/hiperdecoracio.com\\\/wp-content\\\/uploads\\\/2026\\\/02\\\/NAUTICAEPOYACHT.jpg\",\"datePublished\":\"2026-02-19T11:42:32+00:00\",\"breadcrumb\":{\"@id\":\"https:\\\/\\\/hiperdecoracio.com\\\/es\\\/producte\\\/boero-masilla-epoyacht\\\/#breadcrumb\"},\"inLanguage\":\"es\",\"potentialAction\":[{\"@type\":\"ReadAction\",\"target\":[\"https:\\\/\\\/hiperdecoracio.com\\\/es\\\/producte\\\/boero-masilla-epoyacht\\\/\"]}]},{\"@type\":\"ImageObject\",\"inLanguage\":\"es\",\"@id\":\"https:\\\/\\\/hiperdecoracio.com\\\/es\\\/producte\\\/boero-masilla-epoyacht\\\/#primaryimage\",\"url\":\"https:\\\/\\\/hiperdecoracio.com\\\/wp-content\\\/uploads\\\/2026\\\/02\\\/NAUTICAEPOYACHT.jpg\",\"contentUrl\":\"https:\\\/\\\/hiperdecoracio.com\\\/wp-content\\\/uploads\\\/2026\\\/02\\\/NAUTICAEPOYACHT.jpg\",\"width\":500,\"height\":500},{\"@type\":\"BreadcrumbList\",\"@id\":\"https:\\\/\\\/hiperdecoracio.com\\\/es\\\/producte\\\/boero-masilla-epoyacht\\\/#breadcrumb\",\"itemListElement\":[{\"@type\":\"ListItem\",\"position\":1,\"name\":\"Inici\",\"item\":\"https:\\\/\\\/hiperdecoracio.com\\\/es\\\/\"},{\"@type\":\"ListItem\",\"position\":2,\"name\":\"Tienda\",\"item\":\"https:\\\/\\\/hiperdecoracio.com\\\/es\\\/tienda\\\/\"},{\"@type\":\"ListItem\",\"position\":3,\"name\":\"BOERO MASILLA EPOYACHT\"}]},{\"@type\":\"WebSite\",\"@id\":\"https:\\\/\\\/hiperdecoracio.com\\\/es\\\/#website\",\"url\":\"https:\\\/\\\/hiperdecoracio.com\\\/es\\\/\",\"name\":\"Hiperdecoraci\u00f3\",\"description\":\"Tot en pintures i decoraci\u00f3\",\"publisher\":{\"@id\":\"https:\\\/\\\/hiperdecoracio.com\\\/es\\\/#organization\"},\"potentialAction\":[{\"@type\":\"SearchAction\",\"target\":{\"@type\":\"EntryPoint\",\"urlTemplate\":\"https:\\\/\\\/hiperdecoracio.com\\\/es\\\/?s={search_term_string}\"},\"query-input\":{\"@type\":\"PropertyValueSpecification\",\"valueRequired\":true,\"valueName\":\"search_term_string\"}}],\"inLanguage\":\"es\"},{\"@type\":\"Organization\",\"@id\":\"https:\\\/\\\/hiperdecoracio.com\\\/es\\\/#organization\",\"name\":\"Hiperdecoraci\u00f3n\",\"url\":\"https:\\\/\\\/hiperdecoracio.com\\\/es\\\/\",\"logo\":{\"@type\":\"ImageObject\",\"inLanguage\":\"es\",\"@id\":\"https:\\\/\\\/hiperdecoracio.com\\\/es\\\/#\\\/schema\\\/logo\\\/image\\\/\",\"url\":\"https:\\\/\\\/hiperdecoracio.com\\\/wp-content\\\/uploads\\\/2025\\\/05\\\/logo-hiperdecoracio.jpg.webp\",\"contentUrl\":\"https:\\\/\\\/hiperdecoracio.com\\\/wp-content\\\/uploads\\\/2025\\\/05\\\/logo-hiperdecoracio.jpg.webp\",\"width\":233,\"height\":84,\"caption\":\"Hiperdecoraci\u00f3n\"},\"image\":{\"@id\":\"https:\\\/\\\/hiperdecoracio.com\\\/es\\\/#\\\/schema\\\/logo\\\/image\\\/\"},\"sameAs\":[\"https:\\\/\\\/facebook.com\\\/Hiperdecoracio\",\"https:\\\/\\\/www.instagram.com\\\/hiperdecoracio\"]}]}<\/script>\n<!-- \/ Yoast SEO plugin. -->","yoast_head_json":{"title":"BOERO MASILLA EPOYACHT - Hiperdecoraci\u00f3","robots":{"index":"index","follow":"follow","max-snippet":"max-snippet:-1","max-image-preview":"max-image-preview:large","max-video-preview":"max-video-preview:-1"},"canonical":"https:\/\/hiperdecoracio.com\/es\/producte\/boero-masilla-epoyacht\/","og_locale":"es_ES","og_type":"article","og_title":"BOERO MASILLA EPOYACHT - Hiperdecoraci\u00f3","og_description":"Masilla epoxi lleugera, sin disolventes, que ofrece una buena flexibilidad y resistencia al impacto con una contracci\u00f3n m\u00ednima. F\u00e1cil de mezclar los dos componentes y aplicar cono esp\u00e1tula o lana, formando capas para reducir el riesgo de atrapamiento de aire. F\u00e1cil de lijar hasta obtener una superficie lisa una vez curado.","og_url":"https:\/\/hiperdecoracio.com\/es\/producte\/boero-masilla-epoyacht\/","og_site_name":"Hiperdecoraci\u00f3","article_publisher":"https:\/\/facebook.com\/Hiperdecoracio","og_image":[{"width":500,"height":500,"url":"https:\/\/hiperdecoracio.com\/wp-content\/uploads\/2026\/02\/NAUTICAEPOYACHT.jpg","type":"image\/jpeg"}],"twitter_card":"summary_large_image","schema":{"@context":"https:\/\/schema.org","@graph":[{"@type":"WebPage","@id":"https:\/\/hiperdecoracio.com\/es\/producte\/boero-masilla-epoyacht\/","url":"https:\/\/hiperdecoracio.com\/es\/producte\/boero-masilla-epoyacht\/","name":"BOERO MASILLA EPOYACHT - Hiperdecoraci\u00f3","isPartOf":{"@id":"https:\/\/hiperdecoracio.com\/es\/#website"},"primaryImageOfPage":{"@id":"https:\/\/hiperdecoracio.com\/es\/producte\/boero-masilla-epoyacht\/#primaryimage"},"image":{"@id":"https:\/\/hiperdecoracio.com\/es\/producte\/boero-masilla-epoyacht\/#primaryimage"},"thumbnailUrl":"https:\/\/hiperdecoracio.com\/wp-content\/uploads\/2026\/02\/NAUTICAEPOYACHT.jpg","datePublished":"2026-02-19T11:42:32+00:00","breadcrumb":{"@id":"https:\/\/hiperdecoracio.com\/es\/producte\/boero-masilla-epoyacht\/#breadcrumb"},"inLanguage":"es","potentialAction":[{"@type":"ReadAction","target":["https:\/\/hiperdecoracio.com\/es\/producte\/boero-masilla-epoyacht\/"]}]},{"@type":"ImageObject","inLanguage":"es","@id":"https:\/\/hiperdecoracio.com\/es\/producte\/boero-masilla-epoyacht\/#primaryimage","url":"https:\/\/hiperdecoracio.com\/wp-content\/uploads\/2026\/02\/NAUTICAEPOYACHT.jpg","contentUrl":"https:\/\/hiperdecoracio.com\/wp-content\/uploads\/2026\/02\/NAUTICAEPOYACHT.jpg","width":500,"height":500},{"@type":"BreadcrumbList","@id":"https:\/\/hiperdecoracio.com\/es\/producte\/boero-masilla-epoyacht\/#breadcrumb","itemListElement":[{"@type":"ListItem","position":1,"name":"Inici","item":"https:\/\/hiperdecoracio.com\/es\/"},{"@type":"ListItem","position":2,"name":"Tienda","item":"https:\/\/hiperdecoracio.com\/es\/tienda\/"},{"@type":"ListItem","position":3,"name":"BOERO MASILLA EPOYACHT"}]},{"@type":"WebSite","@id":"https:\/\/hiperdecoracio.com\/es\/#website","url":"https:\/\/hiperdecoracio.com\/es\/","name":"Hiperdecoraci\u00f3","description":"Tot en pintures i decoraci\u00f3","publisher":{"@id":"https:\/\/hiperdecoracio.com\/es\/#organization"},"potentialAction":[{"@type":"SearchAction","target":{"@type":"EntryPoint","urlTemplate":"https:\/\/hiperdecoracio.com\/es\/?s={search_term_string}"},"query-input":{"@type":"PropertyValueSpecification","valueRequired":true,"valueName":"search_term_string"}}],"inLanguage":"es"},{"@type":"Organization","@id":"https:\/\/hiperdecoracio.com\/es\/#organization","name":"Hiperdecoraci\u00f3n","url":"https:\/\/hiperdecoracio.com\/es\/","logo":{"@type":"ImageObject","inLanguage":"es","@id":"https:\/\/hiperdecoracio.com\/es\/#\/schema\/logo\/image\/","url":"https:\/\/hiperdecoracio.com\/wp-content\/uploads\/2025\/05\/logo-hiperdecoracio.jpg.webp","contentUrl":"https:\/\/hiperdecoracio.com\/wp-content\/uploads\/2025\/05\/logo-hiperdecoracio.jpg.webp","width":233,"height":84,"caption":"Hiperdecoraci\u00f3n"},"image":{"@id":"https:\/\/hiperdecoracio.com\/es\/#\/schema\/logo\/image\/"},"sameAs":["https:\/\/facebook.com\/Hiperdecoracio","https:\/\/www.instagram.com\/hiperdecoracio"]}]}},"_links":{"self":[{"href":"https:\/\/hiperdecoracio.com\/es\/wp-json\/wp\/v2\/product\/8299","targetHints":{"allow":["GET"]}}],"collection":[{"href":"https:\/\/hiperdecoracio.com\/es\/wp-json\/wp\/v2\/product"}],"about":[{"href":"https:\/\/hiperdecoracio.com\/es\/wp-json\/wp\/v2\/types\/product"}],"replies":[{"embeddable":true,"href":"https:\/\/hiperdecoracio.com\/es\/wp-json\/wp\/v2\/comments?post=8299"}],"wp:featuredmedia":[{"embeddable":true,"href":"https:\/\/hiperdecoracio.com\/es\/wp-json\/wp\/v2\/media\/7797"}],"wp:attachment":[{"href":"https:\/\/hiperdecoracio.com\/es\/wp-json\/wp\/v2\/media?parent=8299"}],"wp:term":[{"taxonomy":"product_brand","embeddable":true,"href":"https:\/\/hiperdecoracio.com\/es\/wp-json\/wp\/v2\/product_brand?post=8299"},{"taxonomy":"product_cat","embeddable":true,"href":"https:\/\/hiperdecoracio.com\/es\/wp-json\/wp\/v2\/product_cat?post=8299"},{"taxonomy":"product_tag","embeddable":true,"href":"https:\/\/hiperdecoracio.com\/es\/wp-json\/wp\/v2\/product_tag?post=8299"}],"curies":[{"name":"wp","href":"https:\/\/api.w.org\/{rel}","templated":true}]}}