{"id":8386,"date":"2026-02-19T12:42:30","date_gmt":"2026-02-19T11:42:30","guid":{"rendered":"https:\/\/hiperdecoracio.com\/producte\/veneziani-masilla-sub-coat-xt\/"},"modified":"2026-02-19T12:49:16","modified_gmt":"2026-02-19T11:49:16","slug":"veneziani-masilla-sub-coat-xt","status":"publish","type":"product","link":"https:\/\/hiperdecoracio.com\/es\/producte\/veneziani-masilla-sub-coat-xt\/","title":{"rendered":"VENEZIANI MASILLA SUB COAT XT"},"content":{"rendered":"<p>Masilla epox\u00eddica bicomponente para aplicaciones submarinas, que posee la capacidad de remover el agua de la superficie del soporte, garantizando una \u00f3ptima adherencia incluso sobre superficies mojadas. Particularmente \u00fatil para la reparaci\u00f3n temporal de v\u00edas de agua y hendiduras del casco en el agua o durante la navegaci\u00f3n. Adhiere perfectamente sobre fibra de vidrio, Gel Coat, epox\u00eddicos preexistentes y epoxialquitr\u00e1n, adem\u00e1s de acero y hormig\u00f3n. Apto para la reparaci\u00f3n temporal de tomas de agua, l\u00ednea de flotaci\u00f3n, zonas sumergidas de muelles de hormig\u00f3n. Resistente a temperaturas de hasta 100 \u00baC.    <\/p>\n","protected":false},"excerpt":{"rendered":"<p>Masilla epox\u00eddica bicomponente para aplicaciones submarinas, que posee la capacidad de remover el agua de la superficie del soporte, garantizando una \u00f3ptima adherencia incluso sobre superficies mojadas. Particularmente \u00fatil para la reparaci\u00f3n temporal de v\u00edas de agua y hendiduras del casco en el agua o durante la navegaci\u00f3n. Adhiere perfectamente sobre fibra de vidrio, Gel [&hellip;]<\/p>\n","protected":false},"featured_media":7788,"comment_status":"open","ping_status":"closed","template":"","meta":[],"product_brand":[],"product_cat":[2020],"product_tag":[],"class_list":{"0":"post-8386","1":"product","2":"type-product","3":"status-publish","4":"has-post-thumbnail","6":"product_cat-masillas","8":"first","9":"instock","10":"sale","11":"shipping-taxable","12":"purchasable","13":"product-type-simple"},"yoast_head":"<!-- This site is optimized with the Yoast SEO plugin v27.3 - https:\/\/yoast.com\/product\/yoast-seo-wordpress\/ -->\n<title>VENEZIANI MASILLA SUB COAT XT - Hiperdecoraci\u00f3<\/title>\n<meta name=\"robots\" content=\"index, follow, max-snippet:-1, max-image-preview:large, max-video-preview:-1\" \/>\n<link rel=\"canonical\" href=\"https:\/\/hiperdecoracio.com\/es\/producte\/veneziani-masilla-sub-coat-xt\/\" \/>\n<meta property=\"og:locale\" content=\"es_ES\" \/>\n<meta property=\"og:type\" content=\"article\" \/>\n<meta property=\"og:title\" content=\"VENEZIANI MASILLA SUB COAT XT - Hiperdecoraci\u00f3\" \/>\n<meta property=\"og:description\" content=\"Masilla epox\u00eddica bicomponente para aplicaciones submarinas, que posee la capacidad de remover el agua de la superficie del soporte, garantizando una \u00f3ptima adherencia incluso sobre superficies mojadas. Particularmente \u00fatil para la reparaci\u00f3n temporal de v\u00edas de agua y hendiduras del casco en el agua o durante la navegaci\u00f3n. Adhiere perfectamente sobre fibra de vidrio, Gel [&hellip;]\" \/>\n<meta property=\"og:url\" content=\"https:\/\/hiperdecoracio.com\/es\/producte\/veneziani-masilla-sub-coat-xt\/\" \/>\n<meta property=\"og:site_name\" content=\"Hiperdecoraci\u00f3\" \/>\n<meta property=\"article:publisher\" content=\"https:\/\/facebook.com\/Hiperdecoracio\" \/>\n<meta property=\"article:modified_time\" content=\"2026-02-19T11:49:16+00:00\" \/>\n<meta property=\"og:image\" content=\"https:\/\/hiperdecoracio.com\/wp-content\/uploads\/2026\/02\/NAUTICASUBCOAT_XT.jpg\" \/>\n\t<meta property=\"og:image:width\" content=\"500\" \/>\n\t<meta property=\"og:image:height\" content=\"500\" \/>\n\t<meta property=\"og:image:type\" content=\"image\/jpeg\" \/>\n<meta name=\"twitter:card\" content=\"summary_large_image\" \/>\n<meta name=\"twitter:label1\" content=\"Tiempo de lectura\" \/>\n\t<meta name=\"twitter:data1\" content=\"1 minuto\" \/>\n<script type=\"application\/ld+json\" class=\"yoast-schema-graph\">{\"@context\":\"https:\\\/\\\/schema.org\",\"@graph\":[{\"@type\":\"WebPage\",\"@id\":\"https:\\\/\\\/hiperdecoracio.com\\\/es\\\/producte\\\/veneziani-masilla-sub-coat-xt\\\/\",\"url\":\"https:\\\/\\\/hiperdecoracio.com\\\/es\\\/producte\\\/veneziani-masilla-sub-coat-xt\\\/\",\"name\":\"VENEZIANI MASILLA SUB COAT XT - Hiperdecoraci\u00f3\",\"isPartOf\":{\"@id\":\"https:\\\/\\\/hiperdecoracio.com\\\/es\\\/#website\"},\"primaryImageOfPage\":{\"@id\":\"https:\\\/\\\/hiperdecoracio.com\\\/es\\\/producte\\\/veneziani-masilla-sub-coat-xt\\\/#primaryimage\"},\"image\":{\"@id\":\"https:\\\/\\\/hiperdecoracio.com\\\/es\\\/producte\\\/veneziani-masilla-sub-coat-xt\\\/#primaryimage\"},\"thumbnailUrl\":\"https:\\\/\\\/hiperdecoracio.com\\\/wp-content\\\/uploads\\\/2026\\\/02\\\/NAUTICASUBCOAT_XT.jpg\",\"datePublished\":\"2026-02-19T11:42:30+00:00\",\"dateModified\":\"2026-02-19T11:49:16+00:00\",\"breadcrumb\":{\"@id\":\"https:\\\/\\\/hiperdecoracio.com\\\/es\\\/producte\\\/veneziani-masilla-sub-coat-xt\\\/#breadcrumb\"},\"inLanguage\":\"es\",\"potentialAction\":[{\"@type\":\"ReadAction\",\"target\":[\"https:\\\/\\\/hiperdecoracio.com\\\/es\\\/producte\\\/veneziani-masilla-sub-coat-xt\\\/\"]}]},{\"@type\":\"ImageObject\",\"inLanguage\":\"es\",\"@id\":\"https:\\\/\\\/hiperdecoracio.com\\\/es\\\/producte\\\/veneziani-masilla-sub-coat-xt\\\/#primaryimage\",\"url\":\"https:\\\/\\\/hiperdecoracio.com\\\/wp-content\\\/uploads\\\/2026\\\/02\\\/NAUTICASUBCOAT_XT.jpg\",\"contentUrl\":\"https:\\\/\\\/hiperdecoracio.com\\\/wp-content\\\/uploads\\\/2026\\\/02\\\/NAUTICASUBCOAT_XT.jpg\",\"width\":500,\"height\":500},{\"@type\":\"BreadcrumbList\",\"@id\":\"https:\\\/\\\/hiperdecoracio.com\\\/es\\\/producte\\\/veneziani-masilla-sub-coat-xt\\\/#breadcrumb\",\"itemListElement\":[{\"@type\":\"ListItem\",\"position\":1,\"name\":\"Inici\",\"item\":\"https:\\\/\\\/hiperdecoracio.com\\\/es\\\/\"},{\"@type\":\"ListItem\",\"position\":2,\"name\":\"Tienda\",\"item\":\"https:\\\/\\\/hiperdecoracio.com\\\/es\\\/tienda\\\/\"},{\"@type\":\"ListItem\",\"position\":3,\"name\":\"VENEZIANI MASILLA SUB COAT XT\"}]},{\"@type\":\"WebSite\",\"@id\":\"https:\\\/\\\/hiperdecoracio.com\\\/es\\\/#website\",\"url\":\"https:\\\/\\\/hiperdecoracio.com\\\/es\\\/\",\"name\":\"Hiperdecoraci\u00f3\",\"description\":\"Tot en pintures i decoraci\u00f3\",\"publisher\":{\"@id\":\"https:\\\/\\\/hiperdecoracio.com\\\/es\\\/#organization\"},\"potentialAction\":[{\"@type\":\"SearchAction\",\"target\":{\"@type\":\"EntryPoint\",\"urlTemplate\":\"https:\\\/\\\/hiperdecoracio.com\\\/es\\\/?s={search_term_string}\"},\"query-input\":{\"@type\":\"PropertyValueSpecification\",\"valueRequired\":true,\"valueName\":\"search_term_string\"}}],\"inLanguage\":\"es\"},{\"@type\":\"Organization\",\"@id\":\"https:\\\/\\\/hiperdecoracio.com\\\/es\\\/#organization\",\"name\":\"Hiperdecoraci\u00f3n\",\"url\":\"https:\\\/\\\/hiperdecoracio.com\\\/es\\\/\",\"logo\":{\"@type\":\"ImageObject\",\"inLanguage\":\"es\",\"@id\":\"https:\\\/\\\/hiperdecoracio.com\\\/es\\\/#\\\/schema\\\/logo\\\/image\\\/\",\"url\":\"https:\\\/\\\/hiperdecoracio.com\\\/wp-content\\\/uploads\\\/2025\\\/05\\\/logo-hiperdecoracio.jpg.webp\",\"contentUrl\":\"https:\\\/\\\/hiperdecoracio.com\\\/wp-content\\\/uploads\\\/2025\\\/05\\\/logo-hiperdecoracio.jpg.webp\",\"width\":233,\"height\":84,\"caption\":\"Hiperdecoraci\u00f3n\"},\"image\":{\"@id\":\"https:\\\/\\\/hiperdecoracio.com\\\/es\\\/#\\\/schema\\\/logo\\\/image\\\/\"},\"sameAs\":[\"https:\\\/\\\/facebook.com\\\/Hiperdecoracio\",\"https:\\\/\\\/www.instagram.com\\\/hiperdecoracio\"]}]}<\/script>\n<!-- \/ Yoast SEO plugin. -->","yoast_head_json":{"title":"VENEZIANI MASILLA SUB COAT XT - Hiperdecoraci\u00f3","robots":{"index":"index","follow":"follow","max-snippet":"max-snippet:-1","max-image-preview":"max-image-preview:large","max-video-preview":"max-video-preview:-1"},"canonical":"https:\/\/hiperdecoracio.com\/es\/producte\/veneziani-masilla-sub-coat-xt\/","og_locale":"es_ES","og_type":"article","og_title":"VENEZIANI MASILLA SUB COAT XT - Hiperdecoraci\u00f3","og_description":"Masilla epox\u00eddica bicomponente para aplicaciones submarinas, que posee la capacidad de remover el agua de la superficie del soporte, garantizando una \u00f3ptima adherencia incluso sobre superficies mojadas. Particularmente \u00fatil para la reparaci\u00f3n temporal de v\u00edas de agua y hendiduras del casco en el agua o durante la navegaci\u00f3n. Adhiere perfectamente sobre fibra de vidrio, Gel [&hellip;]","og_url":"https:\/\/hiperdecoracio.com\/es\/producte\/veneziani-masilla-sub-coat-xt\/","og_site_name":"Hiperdecoraci\u00f3","article_publisher":"https:\/\/facebook.com\/Hiperdecoracio","article_modified_time":"2026-02-19T11:49:16+00:00","og_image":[{"width":500,"height":500,"url":"https:\/\/hiperdecoracio.com\/wp-content\/uploads\/2026\/02\/NAUTICASUBCOAT_XT.jpg","type":"image\/jpeg"}],"twitter_card":"summary_large_image","twitter_misc":{"Tiempo de lectura":"1 minuto"},"schema":{"@context":"https:\/\/schema.org","@graph":[{"@type":"WebPage","@id":"https:\/\/hiperdecoracio.com\/es\/producte\/veneziani-masilla-sub-coat-xt\/","url":"https:\/\/hiperdecoracio.com\/es\/producte\/veneziani-masilla-sub-coat-xt\/","name":"VENEZIANI MASILLA SUB COAT XT - Hiperdecoraci\u00f3","isPartOf":{"@id":"https:\/\/hiperdecoracio.com\/es\/#website"},"primaryImageOfPage":{"@id":"https:\/\/hiperdecoracio.com\/es\/producte\/veneziani-masilla-sub-coat-xt\/#primaryimage"},"image":{"@id":"https:\/\/hiperdecoracio.com\/es\/producte\/veneziani-masilla-sub-coat-xt\/#primaryimage"},"thumbnailUrl":"https:\/\/hiperdecoracio.com\/wp-content\/uploads\/2026\/02\/NAUTICASUBCOAT_XT.jpg","datePublished":"2026-02-19T11:42:30+00:00","dateModified":"2026-02-19T11:49:16+00:00","breadcrumb":{"@id":"https:\/\/hiperdecoracio.com\/es\/producte\/veneziani-masilla-sub-coat-xt\/#breadcrumb"},"inLanguage":"es","potentialAction":[{"@type":"ReadAction","target":["https:\/\/hiperdecoracio.com\/es\/producte\/veneziani-masilla-sub-coat-xt\/"]}]},{"@type":"ImageObject","inLanguage":"es","@id":"https:\/\/hiperdecoracio.com\/es\/producte\/veneziani-masilla-sub-coat-xt\/#primaryimage","url":"https:\/\/hiperdecoracio.com\/wp-content\/uploads\/2026\/02\/NAUTICASUBCOAT_XT.jpg","contentUrl":"https:\/\/hiperdecoracio.com\/wp-content\/uploads\/2026\/02\/NAUTICASUBCOAT_XT.jpg","width":500,"height":500},{"@type":"BreadcrumbList","@id":"https:\/\/hiperdecoracio.com\/es\/producte\/veneziani-masilla-sub-coat-xt\/#breadcrumb","itemListElement":[{"@type":"ListItem","position":1,"name":"Inici","item":"https:\/\/hiperdecoracio.com\/es\/"},{"@type":"ListItem","position":2,"name":"Tienda","item":"https:\/\/hiperdecoracio.com\/es\/tienda\/"},{"@type":"ListItem","position":3,"name":"VENEZIANI MASILLA SUB COAT XT"}]},{"@type":"WebSite","@id":"https:\/\/hiperdecoracio.com\/es\/#website","url":"https:\/\/hiperdecoracio.com\/es\/","name":"Hiperdecoraci\u00f3","description":"Tot en pintures i decoraci\u00f3","publisher":{"@id":"https:\/\/hiperdecoracio.com\/es\/#organization"},"potentialAction":[{"@type":"SearchAction","target":{"@type":"EntryPoint","urlTemplate":"https:\/\/hiperdecoracio.com\/es\/?s={search_term_string}"},"query-input":{"@type":"PropertyValueSpecification","valueRequired":true,"valueName":"search_term_string"}}],"inLanguage":"es"},{"@type":"Organization","@id":"https:\/\/hiperdecoracio.com\/es\/#organization","name":"Hiperdecoraci\u00f3n","url":"https:\/\/hiperdecoracio.com\/es\/","logo":{"@type":"ImageObject","inLanguage":"es","@id":"https:\/\/hiperdecoracio.com\/es\/#\/schema\/logo\/image\/","url":"https:\/\/hiperdecoracio.com\/wp-content\/uploads\/2025\/05\/logo-hiperdecoracio.jpg.webp","contentUrl":"https:\/\/hiperdecoracio.com\/wp-content\/uploads\/2025\/05\/logo-hiperdecoracio.jpg.webp","width":233,"height":84,"caption":"Hiperdecoraci\u00f3n"},"image":{"@id":"https:\/\/hiperdecoracio.com\/es\/#\/schema\/logo\/image\/"},"sameAs":["https:\/\/facebook.com\/Hiperdecoracio","https:\/\/www.instagram.com\/hiperdecoracio"]}]}},"_links":{"self":[{"href":"https:\/\/hiperdecoracio.com\/es\/wp-json\/wp\/v2\/product\/8386","targetHints":{"allow":["GET"]}}],"collection":[{"href":"https:\/\/hiperdecoracio.com\/es\/wp-json\/wp\/v2\/product"}],"about":[{"href":"https:\/\/hiperdecoracio.com\/es\/wp-json\/wp\/v2\/types\/product"}],"replies":[{"embeddable":true,"href":"https:\/\/hiperdecoracio.com\/es\/wp-json\/wp\/v2\/comments?post=8386"}],"wp:featuredmedia":[{"embeddable":true,"href":"https:\/\/hiperdecoracio.com\/es\/wp-json\/wp\/v2\/media\/7788"}],"wp:attachment":[{"href":"https:\/\/hiperdecoracio.com\/es\/wp-json\/wp\/v2\/media?parent=8386"}],"wp:term":[{"taxonomy":"product_brand","embeddable":true,"href":"https:\/\/hiperdecoracio.com\/es\/wp-json\/wp\/v2\/product_brand?post=8386"},{"taxonomy":"product_cat","embeddable":true,"href":"https:\/\/hiperdecoracio.com\/es\/wp-json\/wp\/v2\/product_cat?post=8386"},{"taxonomy":"product_tag","embeddable":true,"href":"https:\/\/hiperdecoracio.com\/es\/wp-json\/wp\/v2\/product_tag?post=8386"}],"curies":[{"name":"wp","href":"https:\/\/api.w.org\/{rel}","templated":true}]}}