{"id":8425,"date":"2026-02-19T12:43:31","date_gmt":"2026-02-19T11:43:31","guid":{"rendered":"https:\/\/hiperdecoracio.com\/producte\/abarth-competizione-empleo-gris-t-43\/"},"modified":"2026-02-19T12:52:47","modified_gmt":"2026-02-19T11:52:47","slug":"abarth-competizione-empleo-gris-t-43","status":"publish","type":"product","link":"https:\/\/hiperdecoracio.com\/es\/producte\/abarth-competizione-empleo-gris-t-43\/","title":{"rendered":"ABARTH COMPETIZIONE EMPLEO GRIS T.43"},"content":{"rendered":"<p>Calzado ocupacional O2 de piel de ante, hidrorepelente con forro interior de excelente calidad para mejor transpiraci\u00f3n. La l\u00ednea de calzado ocupacional Abarth Competizione est\u00e1 fabricada y certificada seg\u00fan la Norma EN ISO 200347:2012, sin puntera anti-impacto y sin plantilla antiperforaci\u00f3n. <\/p>\n<p>Es el calzado ideal para los trabajadores de sectores como HORECA, cosm\u00e9tica, alimentaci\u00f3n, transportistas o cualquier trabajador que soporte largas jornadas de pie. Para estos sectores son esenciales propiedades en el calzado como la comodidad, acompa\u00f1ada de la ligereza el antideslizamiento de la suela sobre todo tipo de superficies (SRC), la absorci\u00f3n del impacto en el tal\u00f3n y la transpirabilidad del pie. La suela es de EVA (Etileno, Vinilo y Acetato) + goma, resistente a los hidrocarburos, antiest\u00e1tica, SRC y HRO (resistente hasta 300\u00baC).  <\/p>\n<p>EN 20347:2012<br \/>\n O2 | SRC | HRO<\/p>\n","protected":false},"excerpt":{"rendered":"<p>Calzado ocupacional O2 de piel de ante, hidrorepelente con forro interior de excelente calidad para mejor transpiraci\u00f3n. La l\u00ednea de calzado ocupacional Abarth Competizione est\u00e1 fabricada y certificada seg\u00fan la Norma EN ISO 200347:2012, sin puntera anti-impacto y sin plantilla antiperforaci\u00f3n. Es el calzado ideal para los trabajadores de sectores como HORECA, cosm\u00e9tica, alimentaci\u00f3n, transportistas [&hellip;]<\/p>\n","protected":false},"featured_media":8028,"comment_status":"open","ping_status":"closed","template":"","meta":[],"product_brand":[],"product_cat":[2027],"product_tag":[],"class_list":{"0":"post-8425","1":"product","2":"type-product","3":"status-publish","4":"has-post-thumbnail","6":"product_cat-calzado","8":"first","9":"outofstock","10":"shipping-taxable","11":"purchasable","12":"product-type-simple"},"yoast_head":"<!-- This site is optimized with the Yoast SEO plugin v27.3 - https:\/\/yoast.com\/product\/yoast-seo-wordpress\/ -->\n<title>ABARTH COMPETIZIONE EMPLEO GRIS T.43 - Hiperdecoraci\u00f3<\/title>\n<meta name=\"robots\" content=\"index, follow, max-snippet:-1, max-image-preview:large, max-video-preview:-1\" \/>\n<link rel=\"canonical\" href=\"https:\/\/hiperdecoracio.com\/es\/producte\/abarth-competizione-empleo-gris-t-43\/\" \/>\n<meta property=\"og:locale\" content=\"es_ES\" \/>\n<meta property=\"og:type\" content=\"article\" \/>\n<meta property=\"og:title\" content=\"ABARTH COMPETIZIONE EMPLEO GRIS T.43 - Hiperdecoraci\u00f3\" \/>\n<meta property=\"og:description\" content=\"Calzado ocupacional O2 de piel de ante, hidrorepelente con forro interior de excelente calidad para mejor transpiraci\u00f3n. La l\u00ednea de calzado ocupacional Abarth Competizione est\u00e1 fabricada y certificada seg\u00fan la Norma EN ISO 200347:2012, sin puntera anti-impacto y sin plantilla antiperforaci\u00f3n. Es el calzado ideal para los trabajadores de sectores como HORECA, cosm\u00e9tica, alimentaci\u00f3n, transportistas [&hellip;]\" \/>\n<meta property=\"og:url\" content=\"https:\/\/hiperdecoracio.com\/es\/producte\/abarth-competizione-empleo-gris-t-43\/\" \/>\n<meta property=\"og:site_name\" content=\"Hiperdecoraci\u00f3\" \/>\n<meta property=\"article:publisher\" content=\"https:\/\/facebook.com\/Hiperdecoracio\" \/>\n<meta property=\"article:modified_time\" content=\"2026-02-19T11:52:47+00:00\" \/>\n<meta property=\"og:image\" content=\"https:\/\/hiperdecoracio.com\/wp-content\/uploads\/2026\/02\/ABARTHCOMPETIZIONE_GRIS-6.jpg\" \/>\n\t<meta property=\"og:image:width\" content=\"500\" \/>\n\t<meta property=\"og:image:height\" content=\"500\" \/>\n\t<meta property=\"og:image:type\" content=\"image\/jpeg\" \/>\n<meta name=\"twitter:card\" content=\"summary_large_image\" \/>\n<meta name=\"twitter:label1\" content=\"Tiempo de lectura\" \/>\n\t<meta name=\"twitter:data1\" content=\"1 minuto\" \/>\n<script type=\"application\/ld+json\" class=\"yoast-schema-graph\">{\"@context\":\"https:\\\/\\\/schema.org\",\"@graph\":[{\"@type\":\"WebPage\",\"@id\":\"https:\\\/\\\/hiperdecoracio.com\\\/es\\\/producte\\\/abarth-competizione-empleo-gris-t-43\\\/\",\"url\":\"https:\\\/\\\/hiperdecoracio.com\\\/es\\\/producte\\\/abarth-competizione-empleo-gris-t-43\\\/\",\"name\":\"ABARTH COMPETIZIONE EMPLEO GRIS T.43 - Hiperdecoraci\u00f3\",\"isPartOf\":{\"@id\":\"https:\\\/\\\/hiperdecoracio.com\\\/es\\\/#website\"},\"primaryImageOfPage\":{\"@id\":\"https:\\\/\\\/hiperdecoracio.com\\\/es\\\/producte\\\/abarth-competizione-empleo-gris-t-43\\\/#primaryimage\"},\"image\":{\"@id\":\"https:\\\/\\\/hiperdecoracio.com\\\/es\\\/producte\\\/abarth-competizione-empleo-gris-t-43\\\/#primaryimage\"},\"thumbnailUrl\":\"https:\\\/\\\/hiperdecoracio.com\\\/wp-content\\\/uploads\\\/2026\\\/02\\\/ABARTHCOMPETIZIONE_GRIS-6.jpg\",\"datePublished\":\"2026-02-19T11:43:31+00:00\",\"dateModified\":\"2026-02-19T11:52:47+00:00\",\"breadcrumb\":{\"@id\":\"https:\\\/\\\/hiperdecoracio.com\\\/es\\\/producte\\\/abarth-competizione-empleo-gris-t-43\\\/#breadcrumb\"},\"inLanguage\":\"es\",\"potentialAction\":[{\"@type\":\"ReadAction\",\"target\":[\"https:\\\/\\\/hiperdecoracio.com\\\/es\\\/producte\\\/abarth-competizione-empleo-gris-t-43\\\/\"]}]},{\"@type\":\"ImageObject\",\"inLanguage\":\"es\",\"@id\":\"https:\\\/\\\/hiperdecoracio.com\\\/es\\\/producte\\\/abarth-competizione-empleo-gris-t-43\\\/#primaryimage\",\"url\":\"https:\\\/\\\/hiperdecoracio.com\\\/wp-content\\\/uploads\\\/2026\\\/02\\\/ABARTHCOMPETIZIONE_GRIS-6.jpg\",\"contentUrl\":\"https:\\\/\\\/hiperdecoracio.com\\\/wp-content\\\/uploads\\\/2026\\\/02\\\/ABARTHCOMPETIZIONE_GRIS-6.jpg\",\"width\":500,\"height\":500},{\"@type\":\"BreadcrumbList\",\"@id\":\"https:\\\/\\\/hiperdecoracio.com\\\/es\\\/producte\\\/abarth-competizione-empleo-gris-t-43\\\/#breadcrumb\",\"itemListElement\":[{\"@type\":\"ListItem\",\"position\":1,\"name\":\"Inici\",\"item\":\"https:\\\/\\\/hiperdecoracio.com\\\/es\\\/\"},{\"@type\":\"ListItem\",\"position\":2,\"name\":\"Tienda\",\"item\":\"https:\\\/\\\/hiperdecoracio.com\\\/es\\\/tienda\\\/\"},{\"@type\":\"ListItem\",\"position\":3,\"name\":\"ABARTH COMPETIZIONE EMPLEO GRIS T.43\"}]},{\"@type\":\"WebSite\",\"@id\":\"https:\\\/\\\/hiperdecoracio.com\\\/es\\\/#website\",\"url\":\"https:\\\/\\\/hiperdecoracio.com\\\/es\\\/\",\"name\":\"Hiperdecoraci\u00f3\",\"description\":\"Tot en pintures i decoraci\u00f3\",\"publisher\":{\"@id\":\"https:\\\/\\\/hiperdecoracio.com\\\/es\\\/#organization\"},\"potentialAction\":[{\"@type\":\"SearchAction\",\"target\":{\"@type\":\"EntryPoint\",\"urlTemplate\":\"https:\\\/\\\/hiperdecoracio.com\\\/es\\\/?s={search_term_string}\"},\"query-input\":{\"@type\":\"PropertyValueSpecification\",\"valueRequired\":true,\"valueName\":\"search_term_string\"}}],\"inLanguage\":\"es\"},{\"@type\":\"Organization\",\"@id\":\"https:\\\/\\\/hiperdecoracio.com\\\/es\\\/#organization\",\"name\":\"Hiperdecoraci\u00f3n\",\"url\":\"https:\\\/\\\/hiperdecoracio.com\\\/es\\\/\",\"logo\":{\"@type\":\"ImageObject\",\"inLanguage\":\"es\",\"@id\":\"https:\\\/\\\/hiperdecoracio.com\\\/es\\\/#\\\/schema\\\/logo\\\/image\\\/\",\"url\":\"https:\\\/\\\/hiperdecoracio.com\\\/wp-content\\\/uploads\\\/2025\\\/05\\\/logo-hiperdecoracio.jpg.webp\",\"contentUrl\":\"https:\\\/\\\/hiperdecoracio.com\\\/wp-content\\\/uploads\\\/2025\\\/05\\\/logo-hiperdecoracio.jpg.webp\",\"width\":233,\"height\":84,\"caption\":\"Hiperdecoraci\u00f3n\"},\"image\":{\"@id\":\"https:\\\/\\\/hiperdecoracio.com\\\/es\\\/#\\\/schema\\\/logo\\\/image\\\/\"},\"sameAs\":[\"https:\\\/\\\/facebook.com\\\/Hiperdecoracio\",\"https:\\\/\\\/www.instagram.com\\\/hiperdecoracio\"]}]}<\/script>\n<!-- \/ Yoast SEO plugin. -->","yoast_head_json":{"title":"ABARTH COMPETIZIONE EMPLEO GRIS T.43 - Hiperdecoraci\u00f3","robots":{"index":"index","follow":"follow","max-snippet":"max-snippet:-1","max-image-preview":"max-image-preview:large","max-video-preview":"max-video-preview:-1"},"canonical":"https:\/\/hiperdecoracio.com\/es\/producte\/abarth-competizione-empleo-gris-t-43\/","og_locale":"es_ES","og_type":"article","og_title":"ABARTH COMPETIZIONE EMPLEO GRIS T.43 - Hiperdecoraci\u00f3","og_description":"Calzado ocupacional O2 de piel de ante, hidrorepelente con forro interior de excelente calidad para mejor transpiraci\u00f3n. La l\u00ednea de calzado ocupacional Abarth Competizione est\u00e1 fabricada y certificada seg\u00fan la Norma EN ISO 200347:2012, sin puntera anti-impacto y sin plantilla antiperforaci\u00f3n. Es el calzado ideal para los trabajadores de sectores como HORECA, cosm\u00e9tica, alimentaci\u00f3n, transportistas [&hellip;]","og_url":"https:\/\/hiperdecoracio.com\/es\/producte\/abarth-competizione-empleo-gris-t-43\/","og_site_name":"Hiperdecoraci\u00f3","article_publisher":"https:\/\/facebook.com\/Hiperdecoracio","article_modified_time":"2026-02-19T11:52:47+00:00","og_image":[{"width":500,"height":500,"url":"https:\/\/hiperdecoracio.com\/wp-content\/uploads\/2026\/02\/ABARTHCOMPETIZIONE_GRIS-6.jpg","type":"image\/jpeg"}],"twitter_card":"summary_large_image","twitter_misc":{"Tiempo de lectura":"1 minuto"},"schema":{"@context":"https:\/\/schema.org","@graph":[{"@type":"WebPage","@id":"https:\/\/hiperdecoracio.com\/es\/producte\/abarth-competizione-empleo-gris-t-43\/","url":"https:\/\/hiperdecoracio.com\/es\/producte\/abarth-competizione-empleo-gris-t-43\/","name":"ABARTH COMPETIZIONE EMPLEO GRIS T.43 - Hiperdecoraci\u00f3","isPartOf":{"@id":"https:\/\/hiperdecoracio.com\/es\/#website"},"primaryImageOfPage":{"@id":"https:\/\/hiperdecoracio.com\/es\/producte\/abarth-competizione-empleo-gris-t-43\/#primaryimage"},"image":{"@id":"https:\/\/hiperdecoracio.com\/es\/producte\/abarth-competizione-empleo-gris-t-43\/#primaryimage"},"thumbnailUrl":"https:\/\/hiperdecoracio.com\/wp-content\/uploads\/2026\/02\/ABARTHCOMPETIZIONE_GRIS-6.jpg","datePublished":"2026-02-19T11:43:31+00:00","dateModified":"2026-02-19T11:52:47+00:00","breadcrumb":{"@id":"https:\/\/hiperdecoracio.com\/es\/producte\/abarth-competizione-empleo-gris-t-43\/#breadcrumb"},"inLanguage":"es","potentialAction":[{"@type":"ReadAction","target":["https:\/\/hiperdecoracio.com\/es\/producte\/abarth-competizione-empleo-gris-t-43\/"]}]},{"@type":"ImageObject","inLanguage":"es","@id":"https:\/\/hiperdecoracio.com\/es\/producte\/abarth-competizione-empleo-gris-t-43\/#primaryimage","url":"https:\/\/hiperdecoracio.com\/wp-content\/uploads\/2026\/02\/ABARTHCOMPETIZIONE_GRIS-6.jpg","contentUrl":"https:\/\/hiperdecoracio.com\/wp-content\/uploads\/2026\/02\/ABARTHCOMPETIZIONE_GRIS-6.jpg","width":500,"height":500},{"@type":"BreadcrumbList","@id":"https:\/\/hiperdecoracio.com\/es\/producte\/abarth-competizione-empleo-gris-t-43\/#breadcrumb","itemListElement":[{"@type":"ListItem","position":1,"name":"Inici","item":"https:\/\/hiperdecoracio.com\/es\/"},{"@type":"ListItem","position":2,"name":"Tienda","item":"https:\/\/hiperdecoracio.com\/es\/tienda\/"},{"@type":"ListItem","position":3,"name":"ABARTH COMPETIZIONE EMPLEO GRIS T.43"}]},{"@type":"WebSite","@id":"https:\/\/hiperdecoracio.com\/es\/#website","url":"https:\/\/hiperdecoracio.com\/es\/","name":"Hiperdecoraci\u00f3","description":"Tot en pintures i decoraci\u00f3","publisher":{"@id":"https:\/\/hiperdecoracio.com\/es\/#organization"},"potentialAction":[{"@type":"SearchAction","target":{"@type":"EntryPoint","urlTemplate":"https:\/\/hiperdecoracio.com\/es\/?s={search_term_string}"},"query-input":{"@type":"PropertyValueSpecification","valueRequired":true,"valueName":"search_term_string"}}],"inLanguage":"es"},{"@type":"Organization","@id":"https:\/\/hiperdecoracio.com\/es\/#organization","name":"Hiperdecoraci\u00f3n","url":"https:\/\/hiperdecoracio.com\/es\/","logo":{"@type":"ImageObject","inLanguage":"es","@id":"https:\/\/hiperdecoracio.com\/es\/#\/schema\/logo\/image\/","url":"https:\/\/hiperdecoracio.com\/wp-content\/uploads\/2025\/05\/logo-hiperdecoracio.jpg.webp","contentUrl":"https:\/\/hiperdecoracio.com\/wp-content\/uploads\/2025\/05\/logo-hiperdecoracio.jpg.webp","width":233,"height":84,"caption":"Hiperdecoraci\u00f3n"},"image":{"@id":"https:\/\/hiperdecoracio.com\/es\/#\/schema\/logo\/image\/"},"sameAs":["https:\/\/facebook.com\/Hiperdecoracio","https:\/\/www.instagram.com\/hiperdecoracio"]}]}},"_links":{"self":[{"href":"https:\/\/hiperdecoracio.com\/es\/wp-json\/wp\/v2\/product\/8425","targetHints":{"allow":["GET"]}}],"collection":[{"href":"https:\/\/hiperdecoracio.com\/es\/wp-json\/wp\/v2\/product"}],"about":[{"href":"https:\/\/hiperdecoracio.com\/es\/wp-json\/wp\/v2\/types\/product"}],"replies":[{"embeddable":true,"href":"https:\/\/hiperdecoracio.com\/es\/wp-json\/wp\/v2\/comments?post=8425"}],"wp:featuredmedia":[{"embeddable":true,"href":"https:\/\/hiperdecoracio.com\/es\/wp-json\/wp\/v2\/media\/8028"}],"wp:attachment":[{"href":"https:\/\/hiperdecoracio.com\/es\/wp-json\/wp\/v2\/media?parent=8425"}],"wp:term":[{"taxonomy":"product_brand","embeddable":true,"href":"https:\/\/hiperdecoracio.com\/es\/wp-json\/wp\/v2\/product_brand?post=8425"},{"taxonomy":"product_cat","embeddable":true,"href":"https:\/\/hiperdecoracio.com\/es\/wp-json\/wp\/v2\/product_cat?post=8425"},{"taxonomy":"product_tag","embeddable":true,"href":"https:\/\/hiperdecoracio.com\/es\/wp-json\/wp\/v2\/product_tag?post=8425"}],"curies":[{"name":"wp","href":"https:\/\/api.w.org\/{rel}","templated":true}]}}