{"id":8767,"date":"2026-02-19T12:56:32","date_gmt":"2026-02-19T11:56:32","guid":{"rendered":"https:\/\/hiperdecoracio.com\/producte\/tkrom-fijativo-penetrante-f-1-2\/"},"modified":"2026-02-19T12:56:32","modified_gmt":"2026-02-19T11:56:32","slug":"tkrom-fijativo-penetrante-f-1-2","status":"publish","type":"product","link":"https:\/\/hiperdecoracio.com\/es\/producte\/tkrom-fijativo-penetrante-f-1-2\/","title":{"rendered":"TKROM FIJATIVO PENETRANTE F-1"},"content":{"rendered":"<p>Fijativo mural al agua de alta penetraci\u00f3n, de base acr\u00edlica, para impregnaci\u00f3n superficial de los soportes com\u00fanmente utilizados en la construcci\u00f3n.<br \/>\nElevado poder penetrante, saturando incluso las capilaridades microsc\u00f3picas de los enlucidos. Adecuado especialmente para consolidar y reforzar enlucidos de cemento, yeso etc, as\u00ed como pinturas viejas caleadas.<br \/>\nPosee una magn\u00edfica resistencia a la alcalinidad, siendo el soporte ideal de las sucesivas capas de pintura a aplicar sobre enlucidos de cemento, yeso, escayola, placas de fibro-cemento, etc.<\/p>\n","protected":false},"excerpt":{"rendered":"<p>Fijativo mural al agua de alta penetraci\u00f3n, de base acr\u00edlica, para impregnaci\u00f3n superficial de los soportes com\u00fanmente utilizados en la construcci\u00f3n. Elevado poder penetrante, saturando incluso las capilaridades microsc\u00f3picas de los enlucidos. Adecuado especialmente para consolidar y reforzar enlucidos de cemento, yeso etc, as\u00ed como pinturas viejas caleadas. Posee una magn\u00edfica resistencia a la alcalinidad, [&hellip;]<\/p>\n","protected":false},"featured_media":8512,"comment_status":"open","ping_status":"closed","template":"","meta":[],"product_brand":[],"product_cat":[2029],"product_tag":[],"class_list":{"0":"post-8767","1":"product","2":"type-product","3":"status-publish","4":"has-post-thumbnail","6":"product_cat-imprimaciones-2","8":"first","9":"instock","10":"sale","11":"shipping-taxable","12":"purchasable","13":"product-type-simple"},"yoast_head":"<!-- This site is optimized with the Yoast SEO plugin v27.3 - https:\/\/yoast.com\/product\/yoast-seo-wordpress\/ -->\n<title>TKROM FIJATIVO PENETRANTE F-1 - Hiperdecoraci\u00f3<\/title>\n<meta name=\"robots\" content=\"index, follow, max-snippet:-1, max-image-preview:large, max-video-preview:-1\" \/>\n<link rel=\"canonical\" href=\"https:\/\/hiperdecoracio.com\/es\/producte\/tkrom-fijativo-penetrante-f-1-2\/\" \/>\n<meta property=\"og:locale\" content=\"es_ES\" \/>\n<meta property=\"og:type\" content=\"article\" \/>\n<meta property=\"og:title\" content=\"TKROM FIJATIVO PENETRANTE F-1 - Hiperdecoraci\u00f3\" \/>\n<meta property=\"og:description\" content=\"Fijativo mural al agua de alta penetraci\u00f3n, de base acr\u00edlica, para impregnaci\u00f3n superficial de los soportes com\u00fanmente utilizados en la construcci\u00f3n. Elevado poder penetrante, saturando incluso las capilaridades microsc\u00f3picas de los enlucidos. Adecuado especialmente para consolidar y reforzar enlucidos de cemento, yeso etc, as\u00ed como pinturas viejas caleadas. Posee una magn\u00edfica resistencia a la alcalinidad, [&hellip;]\" \/>\n<meta property=\"og:url\" content=\"https:\/\/hiperdecoracio.com\/es\/producte\/tkrom-fijativo-penetrante-f-1-2\/\" \/>\n<meta property=\"og:site_name\" content=\"Hiperdecoraci\u00f3\" \/>\n<meta property=\"article:publisher\" content=\"https:\/\/facebook.com\/Hiperdecoracio\" \/>\n<meta property=\"og:image\" content=\"https:\/\/hiperdecoracio.com\/wp-content\/uploads\/2026\/02\/TKROMFIJATIVOS-Y-ADITIVOSF1-1.jpg\" \/>\n\t<meta property=\"og:image:width\" content=\"500\" \/>\n\t<meta property=\"og:image:height\" content=\"500\" \/>\n\t<meta property=\"og:image:type\" content=\"image\/jpeg\" \/>\n<meta name=\"twitter:card\" content=\"summary_large_image\" \/>\n<script type=\"application\/ld+json\" class=\"yoast-schema-graph\">{\"@context\":\"https:\\\/\\\/schema.org\",\"@graph\":[{\"@type\":\"WebPage\",\"@id\":\"https:\\\/\\\/hiperdecoracio.com\\\/es\\\/producte\\\/tkrom-fijativo-penetrante-f-1-2\\\/\",\"url\":\"https:\\\/\\\/hiperdecoracio.com\\\/es\\\/producte\\\/tkrom-fijativo-penetrante-f-1-2\\\/\",\"name\":\"TKROM FIJATIVO PENETRANTE F-1 - Hiperdecoraci\u00f3\",\"isPartOf\":{\"@id\":\"https:\\\/\\\/hiperdecoracio.com\\\/es\\\/#website\"},\"primaryImageOfPage\":{\"@id\":\"https:\\\/\\\/hiperdecoracio.com\\\/es\\\/producte\\\/tkrom-fijativo-penetrante-f-1-2\\\/#primaryimage\"},\"image\":{\"@id\":\"https:\\\/\\\/hiperdecoracio.com\\\/es\\\/producte\\\/tkrom-fijativo-penetrante-f-1-2\\\/#primaryimage\"},\"thumbnailUrl\":\"https:\\\/\\\/hiperdecoracio.com\\\/wp-content\\\/uploads\\\/2026\\\/02\\\/TKROMFIJATIVOS-Y-ADITIVOSF1-1.jpg\",\"datePublished\":\"2026-02-19T11:56:32+00:00\",\"breadcrumb\":{\"@id\":\"https:\\\/\\\/hiperdecoracio.com\\\/es\\\/producte\\\/tkrom-fijativo-penetrante-f-1-2\\\/#breadcrumb\"},\"inLanguage\":\"es\",\"potentialAction\":[{\"@type\":\"ReadAction\",\"target\":[\"https:\\\/\\\/hiperdecoracio.com\\\/es\\\/producte\\\/tkrom-fijativo-penetrante-f-1-2\\\/\"]}]},{\"@type\":\"ImageObject\",\"inLanguage\":\"es\",\"@id\":\"https:\\\/\\\/hiperdecoracio.com\\\/es\\\/producte\\\/tkrom-fijativo-penetrante-f-1-2\\\/#primaryimage\",\"url\":\"https:\\\/\\\/hiperdecoracio.com\\\/wp-content\\\/uploads\\\/2026\\\/02\\\/TKROMFIJATIVOS-Y-ADITIVOSF1-1.jpg\",\"contentUrl\":\"https:\\\/\\\/hiperdecoracio.com\\\/wp-content\\\/uploads\\\/2026\\\/02\\\/TKROMFIJATIVOS-Y-ADITIVOSF1-1.jpg\",\"width\":500,\"height\":500},{\"@type\":\"BreadcrumbList\",\"@id\":\"https:\\\/\\\/hiperdecoracio.com\\\/es\\\/producte\\\/tkrom-fijativo-penetrante-f-1-2\\\/#breadcrumb\",\"itemListElement\":[{\"@type\":\"ListItem\",\"position\":1,\"name\":\"Inici\",\"item\":\"https:\\\/\\\/hiperdecoracio.com\\\/es\\\/\"},{\"@type\":\"ListItem\",\"position\":2,\"name\":\"Tienda\",\"item\":\"https:\\\/\\\/hiperdecoracio.com\\\/es\\\/tienda\\\/\"},{\"@type\":\"ListItem\",\"position\":3,\"name\":\"TKROM FIJATIVO PENETRANTE F-1\"}]},{\"@type\":\"WebSite\",\"@id\":\"https:\\\/\\\/hiperdecoracio.com\\\/es\\\/#website\",\"url\":\"https:\\\/\\\/hiperdecoracio.com\\\/es\\\/\",\"name\":\"Hiperdecoraci\u00f3\",\"description\":\"Tot en pintures i decoraci\u00f3\",\"publisher\":{\"@id\":\"https:\\\/\\\/hiperdecoracio.com\\\/es\\\/#organization\"},\"potentialAction\":[{\"@type\":\"SearchAction\",\"target\":{\"@type\":\"EntryPoint\",\"urlTemplate\":\"https:\\\/\\\/hiperdecoracio.com\\\/es\\\/?s={search_term_string}\"},\"query-input\":{\"@type\":\"PropertyValueSpecification\",\"valueRequired\":true,\"valueName\":\"search_term_string\"}}],\"inLanguage\":\"es\"},{\"@type\":\"Organization\",\"@id\":\"https:\\\/\\\/hiperdecoracio.com\\\/es\\\/#organization\",\"name\":\"Hiperdecoraci\u00f3n\",\"url\":\"https:\\\/\\\/hiperdecoracio.com\\\/es\\\/\",\"logo\":{\"@type\":\"ImageObject\",\"inLanguage\":\"es\",\"@id\":\"https:\\\/\\\/hiperdecoracio.com\\\/es\\\/#\\\/schema\\\/logo\\\/image\\\/\",\"url\":\"https:\\\/\\\/hiperdecoracio.com\\\/wp-content\\\/uploads\\\/2025\\\/05\\\/logo-hiperdecoracio.jpg.webp\",\"contentUrl\":\"https:\\\/\\\/hiperdecoracio.com\\\/wp-content\\\/uploads\\\/2025\\\/05\\\/logo-hiperdecoracio.jpg.webp\",\"width\":233,\"height\":84,\"caption\":\"Hiperdecoraci\u00f3n\"},\"image\":{\"@id\":\"https:\\\/\\\/hiperdecoracio.com\\\/es\\\/#\\\/schema\\\/logo\\\/image\\\/\"},\"sameAs\":[\"https:\\\/\\\/facebook.com\\\/Hiperdecoracio\",\"https:\\\/\\\/www.instagram.com\\\/hiperdecoracio\"]}]}<\/script>\n<!-- \/ Yoast SEO plugin. -->","yoast_head_json":{"title":"TKROM FIJATIVO PENETRANTE F-1 - Hiperdecoraci\u00f3","robots":{"index":"index","follow":"follow","max-snippet":"max-snippet:-1","max-image-preview":"max-image-preview:large","max-video-preview":"max-video-preview:-1"},"canonical":"https:\/\/hiperdecoracio.com\/es\/producte\/tkrom-fijativo-penetrante-f-1-2\/","og_locale":"es_ES","og_type":"article","og_title":"TKROM FIJATIVO PENETRANTE F-1 - Hiperdecoraci\u00f3","og_description":"Fijativo mural al agua de alta penetraci\u00f3n, de base acr\u00edlica, para impregnaci\u00f3n superficial de los soportes com\u00fanmente utilizados en la construcci\u00f3n. Elevado poder penetrante, saturando incluso las capilaridades microsc\u00f3picas de los enlucidos. Adecuado especialmente para consolidar y reforzar enlucidos de cemento, yeso etc, as\u00ed como pinturas viejas caleadas. Posee una magn\u00edfica resistencia a la alcalinidad, [&hellip;]","og_url":"https:\/\/hiperdecoracio.com\/es\/producte\/tkrom-fijativo-penetrante-f-1-2\/","og_site_name":"Hiperdecoraci\u00f3","article_publisher":"https:\/\/facebook.com\/Hiperdecoracio","og_image":[{"width":500,"height":500,"url":"https:\/\/hiperdecoracio.com\/wp-content\/uploads\/2026\/02\/TKROMFIJATIVOS-Y-ADITIVOSF1-1.jpg","type":"image\/jpeg"}],"twitter_card":"summary_large_image","schema":{"@context":"https:\/\/schema.org","@graph":[{"@type":"WebPage","@id":"https:\/\/hiperdecoracio.com\/es\/producte\/tkrom-fijativo-penetrante-f-1-2\/","url":"https:\/\/hiperdecoracio.com\/es\/producte\/tkrom-fijativo-penetrante-f-1-2\/","name":"TKROM FIJATIVO PENETRANTE F-1 - Hiperdecoraci\u00f3","isPartOf":{"@id":"https:\/\/hiperdecoracio.com\/es\/#website"},"primaryImageOfPage":{"@id":"https:\/\/hiperdecoracio.com\/es\/producte\/tkrom-fijativo-penetrante-f-1-2\/#primaryimage"},"image":{"@id":"https:\/\/hiperdecoracio.com\/es\/producte\/tkrom-fijativo-penetrante-f-1-2\/#primaryimage"},"thumbnailUrl":"https:\/\/hiperdecoracio.com\/wp-content\/uploads\/2026\/02\/TKROMFIJATIVOS-Y-ADITIVOSF1-1.jpg","datePublished":"2026-02-19T11:56:32+00:00","breadcrumb":{"@id":"https:\/\/hiperdecoracio.com\/es\/producte\/tkrom-fijativo-penetrante-f-1-2\/#breadcrumb"},"inLanguage":"es","potentialAction":[{"@type":"ReadAction","target":["https:\/\/hiperdecoracio.com\/es\/producte\/tkrom-fijativo-penetrante-f-1-2\/"]}]},{"@type":"ImageObject","inLanguage":"es","@id":"https:\/\/hiperdecoracio.com\/es\/producte\/tkrom-fijativo-penetrante-f-1-2\/#primaryimage","url":"https:\/\/hiperdecoracio.com\/wp-content\/uploads\/2026\/02\/TKROMFIJATIVOS-Y-ADITIVOSF1-1.jpg","contentUrl":"https:\/\/hiperdecoracio.com\/wp-content\/uploads\/2026\/02\/TKROMFIJATIVOS-Y-ADITIVOSF1-1.jpg","width":500,"height":500},{"@type":"BreadcrumbList","@id":"https:\/\/hiperdecoracio.com\/es\/producte\/tkrom-fijativo-penetrante-f-1-2\/#breadcrumb","itemListElement":[{"@type":"ListItem","position":1,"name":"Inici","item":"https:\/\/hiperdecoracio.com\/es\/"},{"@type":"ListItem","position":2,"name":"Tienda","item":"https:\/\/hiperdecoracio.com\/es\/tienda\/"},{"@type":"ListItem","position":3,"name":"TKROM FIJATIVO PENETRANTE F-1"}]},{"@type":"WebSite","@id":"https:\/\/hiperdecoracio.com\/es\/#website","url":"https:\/\/hiperdecoracio.com\/es\/","name":"Hiperdecoraci\u00f3","description":"Tot en pintures i decoraci\u00f3","publisher":{"@id":"https:\/\/hiperdecoracio.com\/es\/#organization"},"potentialAction":[{"@type":"SearchAction","target":{"@type":"EntryPoint","urlTemplate":"https:\/\/hiperdecoracio.com\/es\/?s={search_term_string}"},"query-input":{"@type":"PropertyValueSpecification","valueRequired":true,"valueName":"search_term_string"}}],"inLanguage":"es"},{"@type":"Organization","@id":"https:\/\/hiperdecoracio.com\/es\/#organization","name":"Hiperdecoraci\u00f3n","url":"https:\/\/hiperdecoracio.com\/es\/","logo":{"@type":"ImageObject","inLanguage":"es","@id":"https:\/\/hiperdecoracio.com\/es\/#\/schema\/logo\/image\/","url":"https:\/\/hiperdecoracio.com\/wp-content\/uploads\/2025\/05\/logo-hiperdecoracio.jpg.webp","contentUrl":"https:\/\/hiperdecoracio.com\/wp-content\/uploads\/2025\/05\/logo-hiperdecoracio.jpg.webp","width":233,"height":84,"caption":"Hiperdecoraci\u00f3n"},"image":{"@id":"https:\/\/hiperdecoracio.com\/es\/#\/schema\/logo\/image\/"},"sameAs":["https:\/\/facebook.com\/Hiperdecoracio","https:\/\/www.instagram.com\/hiperdecoracio"]}]}},"_links":{"self":[{"href":"https:\/\/hiperdecoracio.com\/es\/wp-json\/wp\/v2\/product\/8767","targetHints":{"allow":["GET"]}}],"collection":[{"href":"https:\/\/hiperdecoracio.com\/es\/wp-json\/wp\/v2\/product"}],"about":[{"href":"https:\/\/hiperdecoracio.com\/es\/wp-json\/wp\/v2\/types\/product"}],"replies":[{"embeddable":true,"href":"https:\/\/hiperdecoracio.com\/es\/wp-json\/wp\/v2\/comments?post=8767"}],"wp:featuredmedia":[{"embeddable":true,"href":"https:\/\/hiperdecoracio.com\/es\/wp-json\/wp\/v2\/media\/8512"}],"wp:attachment":[{"href":"https:\/\/hiperdecoracio.com\/es\/wp-json\/wp\/v2\/media?parent=8767"}],"wp:term":[{"taxonomy":"product_brand","embeddable":true,"href":"https:\/\/hiperdecoracio.com\/es\/wp-json\/wp\/v2\/product_brand?post=8767"},{"taxonomy":"product_cat","embeddable":true,"href":"https:\/\/hiperdecoracio.com\/es\/wp-json\/wp\/v2\/product_cat?post=8767"},{"taxonomy":"product_tag","embeddable":true,"href":"https:\/\/hiperdecoracio.com\/es\/wp-json\/wp\/v2\/product_tag?post=8767"}],"curies":[{"name":"wp","href":"https:\/\/api.w.org\/{rel}","templated":true}]}}