{"id":8772,"date":"2026-02-19T12:56:34","date_gmt":"2026-02-19T11:56:34","guid":{"rendered":"https:\/\/hiperdecoracio.com\/producte\/membrana-acrilica-antigoteras-blanco-2\/"},"modified":"2026-02-19T12:56:34","modified_gmt":"2026-02-19T11:56:34","slug":"membrana-acrilica-antigoteras-blanco-2","status":"publish","type":"product","link":"https:\/\/hiperdecoracio.com\/es\/producte\/membrana-acrilica-antigoteras-blanco-2\/","title":{"rendered":"MEMBRANA ACRILICA ANTIGOTERAS BLANCO"},"content":{"rendered":"<p>Recubrimiento impermeable de capa gruesa con tecnolog\u00eda ELASTIK, que ofrece una flexibilidad excepcional y alta resistencia a la tracci\u00f3n, adapt\u00e1ndose a irregularidades y soportando dilataciones y contracciones.<br \/>\nSu reticulaci\u00f3n UV la hace resistente al ensuciamiento, agua y alcalinidad, garantizando m\u00e1xima protecci\u00f3n contra las filtraciones. Adecuado para cubiertas con tr\u00e1fico ocasional (TK1), es la soluci\u00f3n perfecta para una impermeabilizaci\u00f3n duradera de hasta 15 a\u00f1os de garant\u00eda. <\/p>\n","protected":false},"excerpt":{"rendered":"<p>Recubrimiento impermeable de capa gruesa con tecnolog\u00eda ELASTIK, que ofrece una flexibilidad excepcional y alta resistencia a la tracci\u00f3n, adapt\u00e1ndose a irregularidades y soportando dilataciones y contracciones. Su reticulaci\u00f3n UV la hace resistente al ensuciamiento, agua y alcalinidad, garantizando m\u00e1xima protecci\u00f3n contra las filtraciones. Adecuado para cubiertas con tr\u00e1fico ocasional (TK1), es la soluci\u00f3n perfecta [&hellip;]<\/p>\n","protected":false},"featured_media":8524,"comment_status":"open","ping_status":"closed","template":"","meta":[],"product_brand":[],"product_cat":[2026],"product_tag":[],"class_list":{"0":"post-8772","1":"product","2":"type-product","3":"status-publish","4":"has-post-thumbnail","6":"product_cat-impermeabilizantes","8":"first","9":"instock","10":"sale","11":"shipping-taxable","12":"purchasable","13":"product-type-simple"},"yoast_head":"<!-- This site is optimized with the Yoast SEO plugin v27.3 - https:\/\/yoast.com\/product\/yoast-seo-wordpress\/ -->\n<title>MEMBRANA ACRILICA ANTIGOTERAS BLANCO - Hiperdecoraci\u00f3<\/title>\n<meta name=\"robots\" content=\"index, follow, max-snippet:-1, max-image-preview:large, max-video-preview:-1\" \/>\n<link rel=\"canonical\" href=\"https:\/\/hiperdecoracio.com\/es\/producte\/membrana-acrilica-antigoteras-blanco-2\/\" \/>\n<meta property=\"og:locale\" content=\"es_ES\" \/>\n<meta property=\"og:type\" content=\"article\" \/>\n<meta property=\"og:title\" content=\"MEMBRANA ACRILICA ANTIGOTERAS BLANCO - Hiperdecoraci\u00f3\" \/>\n<meta property=\"og:description\" content=\"Recubrimiento impermeable de capa gruesa con tecnolog\u00eda ELASTIK, que ofrece una flexibilidad excepcional y alta resistencia a la tracci\u00f3n, adapt\u00e1ndose a irregularidades y soportando dilataciones y contracciones. Su reticulaci\u00f3n UV la hace resistente al ensuciamiento, agua y alcalinidad, garantizando m\u00e1xima protecci\u00f3n contra las filtraciones. Adecuado para cubiertas con tr\u00e1fico ocasional (TK1), es la soluci\u00f3n perfecta [&hellip;]\" \/>\n<meta property=\"og:url\" content=\"https:\/\/hiperdecoracio.com\/es\/producte\/membrana-acrilica-antigoteras-blanco-2\/\" \/>\n<meta property=\"og:site_name\" content=\"Hiperdecoraci\u00f3\" \/>\n<meta property=\"article:publisher\" content=\"https:\/\/facebook.com\/Hiperdecoracio\" \/>\n<meta property=\"og:image\" content=\"https:\/\/hiperdecoracio.com\/wp-content\/uploads\/2026\/02\/IMPERMEABILITZANTSANTIGOTERAS-6.jpg\" \/>\n\t<meta property=\"og:image:width\" content=\"500\" \/>\n\t<meta property=\"og:image:height\" content=\"500\" \/>\n\t<meta property=\"og:image:type\" content=\"image\/jpeg\" \/>\n<meta name=\"twitter:card\" content=\"summary_large_image\" \/>\n<script type=\"application\/ld+json\" class=\"yoast-schema-graph\">{\"@context\":\"https:\\\/\\\/schema.org\",\"@graph\":[{\"@type\":\"WebPage\",\"@id\":\"https:\\\/\\\/hiperdecoracio.com\\\/es\\\/producte\\\/membrana-acrilica-antigoteras-blanco-2\\\/\",\"url\":\"https:\\\/\\\/hiperdecoracio.com\\\/es\\\/producte\\\/membrana-acrilica-antigoteras-blanco-2\\\/\",\"name\":\"MEMBRANA ACRILICA ANTIGOTERAS BLANCO - Hiperdecoraci\u00f3\",\"isPartOf\":{\"@id\":\"https:\\\/\\\/hiperdecoracio.com\\\/es\\\/#website\"},\"primaryImageOfPage\":{\"@id\":\"https:\\\/\\\/hiperdecoracio.com\\\/es\\\/producte\\\/membrana-acrilica-antigoteras-blanco-2\\\/#primaryimage\"},\"image\":{\"@id\":\"https:\\\/\\\/hiperdecoracio.com\\\/es\\\/producte\\\/membrana-acrilica-antigoteras-blanco-2\\\/#primaryimage\"},\"thumbnailUrl\":\"https:\\\/\\\/hiperdecoracio.com\\\/wp-content\\\/uploads\\\/2026\\\/02\\\/IMPERMEABILITZANTSANTIGOTERAS-6.jpg\",\"datePublished\":\"2026-02-19T11:56:34+00:00\",\"breadcrumb\":{\"@id\":\"https:\\\/\\\/hiperdecoracio.com\\\/es\\\/producte\\\/membrana-acrilica-antigoteras-blanco-2\\\/#breadcrumb\"},\"inLanguage\":\"es\",\"potentialAction\":[{\"@type\":\"ReadAction\",\"target\":[\"https:\\\/\\\/hiperdecoracio.com\\\/es\\\/producte\\\/membrana-acrilica-antigoteras-blanco-2\\\/\"]}]},{\"@type\":\"ImageObject\",\"inLanguage\":\"es\",\"@id\":\"https:\\\/\\\/hiperdecoracio.com\\\/es\\\/producte\\\/membrana-acrilica-antigoteras-blanco-2\\\/#primaryimage\",\"url\":\"https:\\\/\\\/hiperdecoracio.com\\\/wp-content\\\/uploads\\\/2026\\\/02\\\/IMPERMEABILITZANTSANTIGOTERAS-6.jpg\",\"contentUrl\":\"https:\\\/\\\/hiperdecoracio.com\\\/wp-content\\\/uploads\\\/2026\\\/02\\\/IMPERMEABILITZANTSANTIGOTERAS-6.jpg\",\"width\":500,\"height\":500},{\"@type\":\"BreadcrumbList\",\"@id\":\"https:\\\/\\\/hiperdecoracio.com\\\/es\\\/producte\\\/membrana-acrilica-antigoteras-blanco-2\\\/#breadcrumb\",\"itemListElement\":[{\"@type\":\"ListItem\",\"position\":1,\"name\":\"Inici\",\"item\":\"https:\\\/\\\/hiperdecoracio.com\\\/es\\\/\"},{\"@type\":\"ListItem\",\"position\":2,\"name\":\"Tienda\",\"item\":\"https:\\\/\\\/hiperdecoracio.com\\\/es\\\/tienda\\\/\"},{\"@type\":\"ListItem\",\"position\":3,\"name\":\"MEMBRANA ACRILICA ANTIGOTERAS BLANCO\"}]},{\"@type\":\"WebSite\",\"@id\":\"https:\\\/\\\/hiperdecoracio.com\\\/es\\\/#website\",\"url\":\"https:\\\/\\\/hiperdecoracio.com\\\/es\\\/\",\"name\":\"Hiperdecoraci\u00f3\",\"description\":\"Tot en pintures i decoraci\u00f3\",\"publisher\":{\"@id\":\"https:\\\/\\\/hiperdecoracio.com\\\/es\\\/#organization\"},\"potentialAction\":[{\"@type\":\"SearchAction\",\"target\":{\"@type\":\"EntryPoint\",\"urlTemplate\":\"https:\\\/\\\/hiperdecoracio.com\\\/es\\\/?s={search_term_string}\"},\"query-input\":{\"@type\":\"PropertyValueSpecification\",\"valueRequired\":true,\"valueName\":\"search_term_string\"}}],\"inLanguage\":\"es\"},{\"@type\":\"Organization\",\"@id\":\"https:\\\/\\\/hiperdecoracio.com\\\/es\\\/#organization\",\"name\":\"Hiperdecoraci\u00f3n\",\"url\":\"https:\\\/\\\/hiperdecoracio.com\\\/es\\\/\",\"logo\":{\"@type\":\"ImageObject\",\"inLanguage\":\"es\",\"@id\":\"https:\\\/\\\/hiperdecoracio.com\\\/es\\\/#\\\/schema\\\/logo\\\/image\\\/\",\"url\":\"https:\\\/\\\/hiperdecoracio.com\\\/wp-content\\\/uploads\\\/2025\\\/05\\\/logo-hiperdecoracio.jpg.webp\",\"contentUrl\":\"https:\\\/\\\/hiperdecoracio.com\\\/wp-content\\\/uploads\\\/2025\\\/05\\\/logo-hiperdecoracio.jpg.webp\",\"width\":233,\"height\":84,\"caption\":\"Hiperdecoraci\u00f3n\"},\"image\":{\"@id\":\"https:\\\/\\\/hiperdecoracio.com\\\/es\\\/#\\\/schema\\\/logo\\\/image\\\/\"},\"sameAs\":[\"https:\\\/\\\/facebook.com\\\/Hiperdecoracio\",\"https:\\\/\\\/www.instagram.com\\\/hiperdecoracio\"]}]}<\/script>\n<!-- \/ Yoast SEO plugin. -->","yoast_head_json":{"title":"MEMBRANA ACRILICA ANTIGOTERAS BLANCO - Hiperdecoraci\u00f3","robots":{"index":"index","follow":"follow","max-snippet":"max-snippet:-1","max-image-preview":"max-image-preview:large","max-video-preview":"max-video-preview:-1"},"canonical":"https:\/\/hiperdecoracio.com\/es\/producte\/membrana-acrilica-antigoteras-blanco-2\/","og_locale":"es_ES","og_type":"article","og_title":"MEMBRANA ACRILICA ANTIGOTERAS BLANCO - Hiperdecoraci\u00f3","og_description":"Recubrimiento impermeable de capa gruesa con tecnolog\u00eda ELASTIK, que ofrece una flexibilidad excepcional y alta resistencia a la tracci\u00f3n, adapt\u00e1ndose a irregularidades y soportando dilataciones y contracciones. Su reticulaci\u00f3n UV la hace resistente al ensuciamiento, agua y alcalinidad, garantizando m\u00e1xima protecci\u00f3n contra las filtraciones. Adecuado para cubiertas con tr\u00e1fico ocasional (TK1), es la soluci\u00f3n perfecta [&hellip;]","og_url":"https:\/\/hiperdecoracio.com\/es\/producte\/membrana-acrilica-antigoteras-blanco-2\/","og_site_name":"Hiperdecoraci\u00f3","article_publisher":"https:\/\/facebook.com\/Hiperdecoracio","og_image":[{"width":500,"height":500,"url":"https:\/\/hiperdecoracio.com\/wp-content\/uploads\/2026\/02\/IMPERMEABILITZANTSANTIGOTERAS-6.jpg","type":"image\/jpeg"}],"twitter_card":"summary_large_image","schema":{"@context":"https:\/\/schema.org","@graph":[{"@type":"WebPage","@id":"https:\/\/hiperdecoracio.com\/es\/producte\/membrana-acrilica-antigoteras-blanco-2\/","url":"https:\/\/hiperdecoracio.com\/es\/producte\/membrana-acrilica-antigoteras-blanco-2\/","name":"MEMBRANA ACRILICA ANTIGOTERAS BLANCO - Hiperdecoraci\u00f3","isPartOf":{"@id":"https:\/\/hiperdecoracio.com\/es\/#website"},"primaryImageOfPage":{"@id":"https:\/\/hiperdecoracio.com\/es\/producte\/membrana-acrilica-antigoteras-blanco-2\/#primaryimage"},"image":{"@id":"https:\/\/hiperdecoracio.com\/es\/producte\/membrana-acrilica-antigoteras-blanco-2\/#primaryimage"},"thumbnailUrl":"https:\/\/hiperdecoracio.com\/wp-content\/uploads\/2026\/02\/IMPERMEABILITZANTSANTIGOTERAS-6.jpg","datePublished":"2026-02-19T11:56:34+00:00","breadcrumb":{"@id":"https:\/\/hiperdecoracio.com\/es\/producte\/membrana-acrilica-antigoteras-blanco-2\/#breadcrumb"},"inLanguage":"es","potentialAction":[{"@type":"ReadAction","target":["https:\/\/hiperdecoracio.com\/es\/producte\/membrana-acrilica-antigoteras-blanco-2\/"]}]},{"@type":"ImageObject","inLanguage":"es","@id":"https:\/\/hiperdecoracio.com\/es\/producte\/membrana-acrilica-antigoteras-blanco-2\/#primaryimage","url":"https:\/\/hiperdecoracio.com\/wp-content\/uploads\/2026\/02\/IMPERMEABILITZANTSANTIGOTERAS-6.jpg","contentUrl":"https:\/\/hiperdecoracio.com\/wp-content\/uploads\/2026\/02\/IMPERMEABILITZANTSANTIGOTERAS-6.jpg","width":500,"height":500},{"@type":"BreadcrumbList","@id":"https:\/\/hiperdecoracio.com\/es\/producte\/membrana-acrilica-antigoteras-blanco-2\/#breadcrumb","itemListElement":[{"@type":"ListItem","position":1,"name":"Inici","item":"https:\/\/hiperdecoracio.com\/es\/"},{"@type":"ListItem","position":2,"name":"Tienda","item":"https:\/\/hiperdecoracio.com\/es\/tienda\/"},{"@type":"ListItem","position":3,"name":"MEMBRANA ACRILICA ANTIGOTERAS BLANCO"}]},{"@type":"WebSite","@id":"https:\/\/hiperdecoracio.com\/es\/#website","url":"https:\/\/hiperdecoracio.com\/es\/","name":"Hiperdecoraci\u00f3","description":"Tot en pintures i decoraci\u00f3","publisher":{"@id":"https:\/\/hiperdecoracio.com\/es\/#organization"},"potentialAction":[{"@type":"SearchAction","target":{"@type":"EntryPoint","urlTemplate":"https:\/\/hiperdecoracio.com\/es\/?s={search_term_string}"},"query-input":{"@type":"PropertyValueSpecification","valueRequired":true,"valueName":"search_term_string"}}],"inLanguage":"es"},{"@type":"Organization","@id":"https:\/\/hiperdecoracio.com\/es\/#organization","name":"Hiperdecoraci\u00f3n","url":"https:\/\/hiperdecoracio.com\/es\/","logo":{"@type":"ImageObject","inLanguage":"es","@id":"https:\/\/hiperdecoracio.com\/es\/#\/schema\/logo\/image\/","url":"https:\/\/hiperdecoracio.com\/wp-content\/uploads\/2025\/05\/logo-hiperdecoracio.jpg.webp","contentUrl":"https:\/\/hiperdecoracio.com\/wp-content\/uploads\/2025\/05\/logo-hiperdecoracio.jpg.webp","width":233,"height":84,"caption":"Hiperdecoraci\u00f3n"},"image":{"@id":"https:\/\/hiperdecoracio.com\/es\/#\/schema\/logo\/image\/"},"sameAs":["https:\/\/facebook.com\/Hiperdecoracio","https:\/\/www.instagram.com\/hiperdecoracio"]}]}},"_links":{"self":[{"href":"https:\/\/hiperdecoracio.com\/es\/wp-json\/wp\/v2\/product\/8772","targetHints":{"allow":["GET"]}}],"collection":[{"href":"https:\/\/hiperdecoracio.com\/es\/wp-json\/wp\/v2\/product"}],"about":[{"href":"https:\/\/hiperdecoracio.com\/es\/wp-json\/wp\/v2\/types\/product"}],"replies":[{"embeddable":true,"href":"https:\/\/hiperdecoracio.com\/es\/wp-json\/wp\/v2\/comments?post=8772"}],"wp:featuredmedia":[{"embeddable":true,"href":"https:\/\/hiperdecoracio.com\/es\/wp-json\/wp\/v2\/media\/8524"}],"wp:attachment":[{"href":"https:\/\/hiperdecoracio.com\/es\/wp-json\/wp\/v2\/media?parent=8772"}],"wp:term":[{"taxonomy":"product_brand","embeddable":true,"href":"https:\/\/hiperdecoracio.com\/es\/wp-json\/wp\/v2\/product_brand?post=8772"},{"taxonomy":"product_cat","embeddable":true,"href":"https:\/\/hiperdecoracio.com\/es\/wp-json\/wp\/v2\/product_cat?post=8772"},{"taxonomy":"product_tag","embeddable":true,"href":"https:\/\/hiperdecoracio.com\/es\/wp-json\/wp\/v2\/product_tag?post=8772"}],"curies":[{"name":"wp","href":"https:\/\/api.w.org\/{rel}","templated":true}]}}