{"id":8819,"date":"2026-02-19T12:56:43","date_gmt":"2026-02-19T11:56:43","guid":{"rendered":"https:\/\/hiperdecoracio.com\/producte\/tkrom-hidrofugante-fachadas-agua-2\/"},"modified":"2026-02-19T12:59:15","modified_gmt":"2026-02-19T11:59:15","slug":"tkrom-hidrofugante-fachadas-agua-2","status":"publish","type":"product","link":"https:\/\/hiperdecoracio.com\/es\/producte\/tkrom-hidrofugante-fachadas-agua-2\/","title":{"rendered":"TKROM HIDROFUGANTE FACHADAS AGUA"},"content":{"rendered":"<p>Tratamiento invisible protector de fachadas, formulado a base de silanos y siloxanos. Se usa como impregnaci\u00f3n para hidrofugar e impermeabilizar fachadas sin modificar su aspecto y as\u00ed proteger el paramento de la penetraci\u00f3n de agua y del crecimiento de hongos y algas. Debido a su fuerte efecto hidrofugante, repele el agua mediante la formaci\u00f3n de perlas, evitando la penetraci\u00f3n del agua de lluvia en los paramentos sobre los que se aplica, permite la transpirabilidad del vapor de agua del soporte. El producto se listo al uso.   <\/p>\n","protected":false},"excerpt":{"rendered":"<p>Tratamiento invisible protector de fachadas, formulado a base de silanos y siloxanos. Se usa como impregnaci\u00f3n para hidrofugar e impermeabilizar fachadas sin modificar su aspecto y as\u00ed proteger el paramento de la penetraci\u00f3n de agua y del crecimiento de hongos y algas. Debido a su fuerte efecto hidrofugante, repele el agua mediante la formaci\u00f3n de [&hellip;]<\/p>\n","protected":false},"featured_media":8563,"comment_status":"open","ping_status":"closed","template":"","meta":[],"product_brand":[],"product_cat":[2026],"product_tag":[],"class_list":{"0":"post-8819","1":"product","2":"type-product","3":"status-publish","4":"has-post-thumbnail","6":"product_cat-impermeabilizantes","8":"first","9":"instock","10":"sale","11":"shipping-taxable","12":"purchasable","13":"product-type-simple"},"yoast_head":"<!-- This site is optimized with the Yoast SEO plugin v27.3 - https:\/\/yoast.com\/product\/yoast-seo-wordpress\/ -->\n<title>TKROM HIDROFUGANTE FACHADAS AGUA - Hiperdecoraci\u00f3<\/title>\n<meta name=\"robots\" content=\"index, follow, max-snippet:-1, max-image-preview:large, max-video-preview:-1\" \/>\n<link rel=\"canonical\" href=\"https:\/\/hiperdecoracio.com\/es\/producte\/tkrom-hidrofugante-fachadas-agua-2\/\" \/>\n<meta property=\"og:locale\" content=\"es_ES\" \/>\n<meta property=\"og:type\" content=\"article\" \/>\n<meta property=\"og:title\" content=\"TKROM HIDROFUGANTE FACHADAS AGUA - Hiperdecoraci\u00f3\" \/>\n<meta property=\"og:description\" content=\"Tratamiento invisible protector de fachadas, formulado a base de silanos y siloxanos. Se usa como impregnaci\u00f3n para hidrofugar e impermeabilizar fachadas sin modificar su aspecto y as\u00ed proteger el paramento de la penetraci\u00f3n de agua y del crecimiento de hongos y algas. Debido a su fuerte efecto hidrofugante, repele el agua mediante la formaci\u00f3n de [&hellip;]\" \/>\n<meta property=\"og:url\" content=\"https:\/\/hiperdecoracio.com\/es\/producte\/tkrom-hidrofugante-fachadas-agua-2\/\" \/>\n<meta property=\"og:site_name\" content=\"Hiperdecoraci\u00f3\" \/>\n<meta property=\"article:publisher\" content=\"https:\/\/facebook.com\/Hiperdecoracio\" \/>\n<meta property=\"article:modified_time\" content=\"2026-02-19T11:59:15+00:00\" \/>\n<meta property=\"og:image\" content=\"https:\/\/hiperdecoracio.com\/wp-content\/uploads\/2026\/02\/IMPERMEABILITZANTSHIDROFUGANTE-1.jpg\" \/>\n\t<meta property=\"og:image:width\" content=\"500\" \/>\n\t<meta property=\"og:image:height\" content=\"500\" \/>\n\t<meta property=\"og:image:type\" content=\"image\/jpeg\" \/>\n<meta name=\"twitter:card\" content=\"summary_large_image\" \/>\n<script type=\"application\/ld+json\" class=\"yoast-schema-graph\">{\"@context\":\"https:\\\/\\\/schema.org\",\"@graph\":[{\"@type\":\"WebPage\",\"@id\":\"https:\\\/\\\/hiperdecoracio.com\\\/es\\\/producte\\\/tkrom-hidrofugante-fachadas-agua-2\\\/\",\"url\":\"https:\\\/\\\/hiperdecoracio.com\\\/es\\\/producte\\\/tkrom-hidrofugante-fachadas-agua-2\\\/\",\"name\":\"TKROM HIDROFUGANTE FACHADAS AGUA - Hiperdecoraci\u00f3\",\"isPartOf\":{\"@id\":\"https:\\\/\\\/hiperdecoracio.com\\\/es\\\/#website\"},\"primaryImageOfPage\":{\"@id\":\"https:\\\/\\\/hiperdecoracio.com\\\/es\\\/producte\\\/tkrom-hidrofugante-fachadas-agua-2\\\/#primaryimage\"},\"image\":{\"@id\":\"https:\\\/\\\/hiperdecoracio.com\\\/es\\\/producte\\\/tkrom-hidrofugante-fachadas-agua-2\\\/#primaryimage\"},\"thumbnailUrl\":\"https:\\\/\\\/hiperdecoracio.com\\\/wp-content\\\/uploads\\\/2026\\\/02\\\/IMPERMEABILITZANTSHIDROFUGANTE-1.jpg\",\"datePublished\":\"2026-02-19T11:56:43+00:00\",\"dateModified\":\"2026-02-19T11:59:15+00:00\",\"breadcrumb\":{\"@id\":\"https:\\\/\\\/hiperdecoracio.com\\\/es\\\/producte\\\/tkrom-hidrofugante-fachadas-agua-2\\\/#breadcrumb\"},\"inLanguage\":\"es\",\"potentialAction\":[{\"@type\":\"ReadAction\",\"target\":[\"https:\\\/\\\/hiperdecoracio.com\\\/es\\\/producte\\\/tkrom-hidrofugante-fachadas-agua-2\\\/\"]}]},{\"@type\":\"ImageObject\",\"inLanguage\":\"es\",\"@id\":\"https:\\\/\\\/hiperdecoracio.com\\\/es\\\/producte\\\/tkrom-hidrofugante-fachadas-agua-2\\\/#primaryimage\",\"url\":\"https:\\\/\\\/hiperdecoracio.com\\\/wp-content\\\/uploads\\\/2026\\\/02\\\/IMPERMEABILITZANTSHIDROFUGANTE-1.jpg\",\"contentUrl\":\"https:\\\/\\\/hiperdecoracio.com\\\/wp-content\\\/uploads\\\/2026\\\/02\\\/IMPERMEABILITZANTSHIDROFUGANTE-1.jpg\",\"width\":500,\"height\":500},{\"@type\":\"BreadcrumbList\",\"@id\":\"https:\\\/\\\/hiperdecoracio.com\\\/es\\\/producte\\\/tkrom-hidrofugante-fachadas-agua-2\\\/#breadcrumb\",\"itemListElement\":[{\"@type\":\"ListItem\",\"position\":1,\"name\":\"Inici\",\"item\":\"https:\\\/\\\/hiperdecoracio.com\\\/es\\\/\"},{\"@type\":\"ListItem\",\"position\":2,\"name\":\"Tienda\",\"item\":\"https:\\\/\\\/hiperdecoracio.com\\\/es\\\/tienda\\\/\"},{\"@type\":\"ListItem\",\"position\":3,\"name\":\"TKROM HIDROFUGANTE FACHADAS AGUA\"}]},{\"@type\":\"WebSite\",\"@id\":\"https:\\\/\\\/hiperdecoracio.com\\\/es\\\/#website\",\"url\":\"https:\\\/\\\/hiperdecoracio.com\\\/es\\\/\",\"name\":\"Hiperdecoraci\u00f3\",\"description\":\"Tot en pintures i decoraci\u00f3\",\"publisher\":{\"@id\":\"https:\\\/\\\/hiperdecoracio.com\\\/es\\\/#organization\"},\"potentialAction\":[{\"@type\":\"SearchAction\",\"target\":{\"@type\":\"EntryPoint\",\"urlTemplate\":\"https:\\\/\\\/hiperdecoracio.com\\\/es\\\/?s={search_term_string}\"},\"query-input\":{\"@type\":\"PropertyValueSpecification\",\"valueRequired\":true,\"valueName\":\"search_term_string\"}}],\"inLanguage\":\"es\"},{\"@type\":\"Organization\",\"@id\":\"https:\\\/\\\/hiperdecoracio.com\\\/es\\\/#organization\",\"name\":\"Hiperdecoraci\u00f3n\",\"url\":\"https:\\\/\\\/hiperdecoracio.com\\\/es\\\/\",\"logo\":{\"@type\":\"ImageObject\",\"inLanguage\":\"es\",\"@id\":\"https:\\\/\\\/hiperdecoracio.com\\\/es\\\/#\\\/schema\\\/logo\\\/image\\\/\",\"url\":\"https:\\\/\\\/hiperdecoracio.com\\\/wp-content\\\/uploads\\\/2025\\\/05\\\/logo-hiperdecoracio.jpg.webp\",\"contentUrl\":\"https:\\\/\\\/hiperdecoracio.com\\\/wp-content\\\/uploads\\\/2025\\\/05\\\/logo-hiperdecoracio.jpg.webp\",\"width\":233,\"height\":84,\"caption\":\"Hiperdecoraci\u00f3n\"},\"image\":{\"@id\":\"https:\\\/\\\/hiperdecoracio.com\\\/es\\\/#\\\/schema\\\/logo\\\/image\\\/\"},\"sameAs\":[\"https:\\\/\\\/facebook.com\\\/Hiperdecoracio\",\"https:\\\/\\\/www.instagram.com\\\/hiperdecoracio\"]}]}<\/script>\n<!-- \/ Yoast SEO plugin. -->","yoast_head_json":{"title":"TKROM HIDROFUGANTE FACHADAS AGUA - Hiperdecoraci\u00f3","robots":{"index":"index","follow":"follow","max-snippet":"max-snippet:-1","max-image-preview":"max-image-preview:large","max-video-preview":"max-video-preview:-1"},"canonical":"https:\/\/hiperdecoracio.com\/es\/producte\/tkrom-hidrofugante-fachadas-agua-2\/","og_locale":"es_ES","og_type":"article","og_title":"TKROM HIDROFUGANTE FACHADAS AGUA - Hiperdecoraci\u00f3","og_description":"Tratamiento invisible protector de fachadas, formulado a base de silanos y siloxanos. Se usa como impregnaci\u00f3n para hidrofugar e impermeabilizar fachadas sin modificar su aspecto y as\u00ed proteger el paramento de la penetraci\u00f3n de agua y del crecimiento de hongos y algas. Debido a su fuerte efecto hidrofugante, repele el agua mediante la formaci\u00f3n de [&hellip;]","og_url":"https:\/\/hiperdecoracio.com\/es\/producte\/tkrom-hidrofugante-fachadas-agua-2\/","og_site_name":"Hiperdecoraci\u00f3","article_publisher":"https:\/\/facebook.com\/Hiperdecoracio","article_modified_time":"2026-02-19T11:59:15+00:00","og_image":[{"width":500,"height":500,"url":"https:\/\/hiperdecoracio.com\/wp-content\/uploads\/2026\/02\/IMPERMEABILITZANTSHIDROFUGANTE-1.jpg","type":"image\/jpeg"}],"twitter_card":"summary_large_image","schema":{"@context":"https:\/\/schema.org","@graph":[{"@type":"WebPage","@id":"https:\/\/hiperdecoracio.com\/es\/producte\/tkrom-hidrofugante-fachadas-agua-2\/","url":"https:\/\/hiperdecoracio.com\/es\/producte\/tkrom-hidrofugante-fachadas-agua-2\/","name":"TKROM HIDROFUGANTE FACHADAS AGUA - Hiperdecoraci\u00f3","isPartOf":{"@id":"https:\/\/hiperdecoracio.com\/es\/#website"},"primaryImageOfPage":{"@id":"https:\/\/hiperdecoracio.com\/es\/producte\/tkrom-hidrofugante-fachadas-agua-2\/#primaryimage"},"image":{"@id":"https:\/\/hiperdecoracio.com\/es\/producte\/tkrom-hidrofugante-fachadas-agua-2\/#primaryimage"},"thumbnailUrl":"https:\/\/hiperdecoracio.com\/wp-content\/uploads\/2026\/02\/IMPERMEABILITZANTSHIDROFUGANTE-1.jpg","datePublished":"2026-02-19T11:56:43+00:00","dateModified":"2026-02-19T11:59:15+00:00","breadcrumb":{"@id":"https:\/\/hiperdecoracio.com\/es\/producte\/tkrom-hidrofugante-fachadas-agua-2\/#breadcrumb"},"inLanguage":"es","potentialAction":[{"@type":"ReadAction","target":["https:\/\/hiperdecoracio.com\/es\/producte\/tkrom-hidrofugante-fachadas-agua-2\/"]}]},{"@type":"ImageObject","inLanguage":"es","@id":"https:\/\/hiperdecoracio.com\/es\/producte\/tkrom-hidrofugante-fachadas-agua-2\/#primaryimage","url":"https:\/\/hiperdecoracio.com\/wp-content\/uploads\/2026\/02\/IMPERMEABILITZANTSHIDROFUGANTE-1.jpg","contentUrl":"https:\/\/hiperdecoracio.com\/wp-content\/uploads\/2026\/02\/IMPERMEABILITZANTSHIDROFUGANTE-1.jpg","width":500,"height":500},{"@type":"BreadcrumbList","@id":"https:\/\/hiperdecoracio.com\/es\/producte\/tkrom-hidrofugante-fachadas-agua-2\/#breadcrumb","itemListElement":[{"@type":"ListItem","position":1,"name":"Inici","item":"https:\/\/hiperdecoracio.com\/es\/"},{"@type":"ListItem","position":2,"name":"Tienda","item":"https:\/\/hiperdecoracio.com\/es\/tienda\/"},{"@type":"ListItem","position":3,"name":"TKROM HIDROFUGANTE FACHADAS AGUA"}]},{"@type":"WebSite","@id":"https:\/\/hiperdecoracio.com\/es\/#website","url":"https:\/\/hiperdecoracio.com\/es\/","name":"Hiperdecoraci\u00f3","description":"Tot en pintures i decoraci\u00f3","publisher":{"@id":"https:\/\/hiperdecoracio.com\/es\/#organization"},"potentialAction":[{"@type":"SearchAction","target":{"@type":"EntryPoint","urlTemplate":"https:\/\/hiperdecoracio.com\/es\/?s={search_term_string}"},"query-input":{"@type":"PropertyValueSpecification","valueRequired":true,"valueName":"search_term_string"}}],"inLanguage":"es"},{"@type":"Organization","@id":"https:\/\/hiperdecoracio.com\/es\/#organization","name":"Hiperdecoraci\u00f3n","url":"https:\/\/hiperdecoracio.com\/es\/","logo":{"@type":"ImageObject","inLanguage":"es","@id":"https:\/\/hiperdecoracio.com\/es\/#\/schema\/logo\/image\/","url":"https:\/\/hiperdecoracio.com\/wp-content\/uploads\/2025\/05\/logo-hiperdecoracio.jpg.webp","contentUrl":"https:\/\/hiperdecoracio.com\/wp-content\/uploads\/2025\/05\/logo-hiperdecoracio.jpg.webp","width":233,"height":84,"caption":"Hiperdecoraci\u00f3n"},"image":{"@id":"https:\/\/hiperdecoracio.com\/es\/#\/schema\/logo\/image\/"},"sameAs":["https:\/\/facebook.com\/Hiperdecoracio","https:\/\/www.instagram.com\/hiperdecoracio"]}]}},"_links":{"self":[{"href":"https:\/\/hiperdecoracio.com\/es\/wp-json\/wp\/v2\/product\/8819","targetHints":{"allow":["GET"]}}],"collection":[{"href":"https:\/\/hiperdecoracio.com\/es\/wp-json\/wp\/v2\/product"}],"about":[{"href":"https:\/\/hiperdecoracio.com\/es\/wp-json\/wp\/v2\/types\/product"}],"replies":[{"embeddable":true,"href":"https:\/\/hiperdecoracio.com\/es\/wp-json\/wp\/v2\/comments?post=8819"}],"wp:featuredmedia":[{"embeddable":true,"href":"https:\/\/hiperdecoracio.com\/es\/wp-json\/wp\/v2\/media\/8563"}],"wp:attachment":[{"href":"https:\/\/hiperdecoracio.com\/es\/wp-json\/wp\/v2\/media?parent=8819"}],"wp:term":[{"taxonomy":"product_brand","embeddable":true,"href":"https:\/\/hiperdecoracio.com\/es\/wp-json\/wp\/v2\/product_brand?post=8819"},{"taxonomy":"product_cat","embeddable":true,"href":"https:\/\/hiperdecoracio.com\/es\/wp-json\/wp\/v2\/product_cat?post=8819"},{"taxonomy":"product_tag","embeddable":true,"href":"https:\/\/hiperdecoracio.com\/es\/wp-json\/wp\/v2\/product_tag?post=8819"}],"curies":[{"name":"wp","href":"https:\/\/api.w.org\/{rel}","templated":true}]}}