{"id":8843,"date":"2026-02-19T12:57:06","date_gmt":"2026-02-19T11:57:06","guid":{"rendered":"https:\/\/hiperdecoracio.com\/producte\/tkrom-membrana-hibrida-blanco-2\/"},"modified":"2026-02-19T12:57:06","modified_gmt":"2026-02-19T11:57:06","slug":"tkrom-membrana-hibrida-blanco-2","status":"publish","type":"product","link":"https:\/\/hiperdecoracio.com\/es\/producte\/tkrom-membrana-hibrida-blanco-2\/","title":{"rendered":"TKROM MEMBRANA HIBRIDA BLANCO"},"content":{"rendered":"<p>Recubrimiento que combina lo mejor de las dispersiones de poliuretano alif\u00e1tico y las resinas acr\u00edlicas autorreticulables, creando un recubrimiento impermeable de capa gruesa que evita completamente las filtraciones de agua y resiste el encharcamiento puntual.<br \/>\nGracias a la avanzada tecnolog\u00eda ELASTIK, esta membrana ofrece una flexibilidad extraordinaria y una alta resistencia a la tracci\u00f3n, adapt\u00e1ndose a superficies con irregularidades y soportando sin problemas los movimientos de dilataci\u00f3n y contracci\u00f3n.<br \/>\nCon su reticulaci\u00f3n por radiaci\u00f3n UV, la Membrana H\u00edbrida garantiza una resistencia superior al ensuciamiento y una durabilidad excepcional de hasta 15 a\u00f1os de garant\u00eda.<br \/>\nSu capacidad para soportar los cambios t\u00e9rmicos y su excelente adherencia la convierten en la opci\u00f3n adecuada para impermeabilizar cualquier tipo de cubierta. Adem\u00e1s, su nivel de transitabilidad TK3 la hace perfecta para cubiertas con tr\u00e1fico diario, brindando protecci\u00f3n y resistencia en condiciones de uso constante. <\/p>\n","protected":false},"excerpt":{"rendered":"<p>Recubrimiento que combina lo mejor de las dispersiones de poliuretano alif\u00e1tico y las resinas acr\u00edlicas autorreticulables, creando un recubrimiento impermeable de capa gruesa que evita completamente las filtraciones de agua y resiste el encharcamiento puntual. Gracias a la avanzada tecnolog\u00eda ELASTIK, esta membrana ofrece una flexibilidad extraordinaria y una alta resistencia a la tracci\u00f3n, adapt\u00e1ndose [&hellip;]<\/p>\n","protected":false},"featured_media":8656,"comment_status":"open","ping_status":"closed","template":"","meta":[],"product_brand":[],"product_cat":[2026],"product_tag":[],"class_list":{"0":"post-8843","1":"product","2":"type-product","3":"status-publish","4":"has-post-thumbnail","6":"product_cat-impermeabilizantes","8":"first","9":"instock","10":"sale","11":"shipping-taxable","12":"purchasable","13":"product-type-simple"},"yoast_head":"<!-- This site is optimized with the Yoast SEO plugin v27.3 - https:\/\/yoast.com\/product\/yoast-seo-wordpress\/ -->\n<title>TKROM MEMBRANA HIBRIDA BLANCO - Hiperdecoraci\u00f3<\/title>\n<meta name=\"robots\" content=\"index, follow, max-snippet:-1, max-image-preview:large, max-video-preview:-1\" \/>\n<link rel=\"canonical\" href=\"https:\/\/hiperdecoracio.com\/es\/producte\/tkrom-membrana-hibrida-blanco-2\/\" \/>\n<meta property=\"og:locale\" content=\"es_ES\" \/>\n<meta property=\"og:type\" content=\"article\" \/>\n<meta property=\"og:title\" content=\"TKROM MEMBRANA HIBRIDA BLANCO - Hiperdecoraci\u00f3\" \/>\n<meta property=\"og:description\" content=\"Recubrimiento que combina lo mejor de las dispersiones de poliuretano alif\u00e1tico y las resinas acr\u00edlicas autorreticulables, creando un recubrimiento impermeable de capa gruesa que evita completamente las filtraciones de agua y resiste el encharcamiento puntual. Gracias a la avanzada tecnolog\u00eda ELASTIK, esta membrana ofrece una flexibilidad extraordinaria y una alta resistencia a la tracci\u00f3n, adapt\u00e1ndose [&hellip;]\" \/>\n<meta property=\"og:url\" content=\"https:\/\/hiperdecoracio.com\/es\/producte\/tkrom-membrana-hibrida-blanco-2\/\" \/>\n<meta property=\"og:site_name\" content=\"Hiperdecoraci\u00f3\" \/>\n<meta property=\"article:publisher\" content=\"https:\/\/facebook.com\/Hiperdecoracio\" \/>\n<meta property=\"og:image\" content=\"https:\/\/hiperdecoracio.com\/wp-content\/uploads\/2026\/02\/IMPERMEABILITZANTSMEMBRANA_HIBRIDA-2.jpg\" \/>\n\t<meta property=\"og:image:width\" content=\"500\" \/>\n\t<meta property=\"og:image:height\" content=\"500\" \/>\n\t<meta property=\"og:image:type\" content=\"image\/jpeg\" \/>\n<meta name=\"twitter:card\" content=\"summary_large_image\" \/>\n<meta name=\"twitter:label1\" content=\"Tiempo de lectura\" \/>\n\t<meta name=\"twitter:data1\" content=\"1 minuto\" \/>\n<script type=\"application\/ld+json\" class=\"yoast-schema-graph\">{\"@context\":\"https:\\\/\\\/schema.org\",\"@graph\":[{\"@type\":\"WebPage\",\"@id\":\"https:\\\/\\\/hiperdecoracio.com\\\/es\\\/producte\\\/tkrom-membrana-hibrida-blanco-2\\\/\",\"url\":\"https:\\\/\\\/hiperdecoracio.com\\\/es\\\/producte\\\/tkrom-membrana-hibrida-blanco-2\\\/\",\"name\":\"TKROM MEMBRANA HIBRIDA BLANCO - Hiperdecoraci\u00f3\",\"isPartOf\":{\"@id\":\"https:\\\/\\\/hiperdecoracio.com\\\/es\\\/#website\"},\"primaryImageOfPage\":{\"@id\":\"https:\\\/\\\/hiperdecoracio.com\\\/es\\\/producte\\\/tkrom-membrana-hibrida-blanco-2\\\/#primaryimage\"},\"image\":{\"@id\":\"https:\\\/\\\/hiperdecoracio.com\\\/es\\\/producte\\\/tkrom-membrana-hibrida-blanco-2\\\/#primaryimage\"},\"thumbnailUrl\":\"https:\\\/\\\/hiperdecoracio.com\\\/wp-content\\\/uploads\\\/2026\\\/02\\\/IMPERMEABILITZANTSMEMBRANA_HIBRIDA-2.jpg\",\"datePublished\":\"2026-02-19T11:57:06+00:00\",\"breadcrumb\":{\"@id\":\"https:\\\/\\\/hiperdecoracio.com\\\/es\\\/producte\\\/tkrom-membrana-hibrida-blanco-2\\\/#breadcrumb\"},\"inLanguage\":\"es\",\"potentialAction\":[{\"@type\":\"ReadAction\",\"target\":[\"https:\\\/\\\/hiperdecoracio.com\\\/es\\\/producte\\\/tkrom-membrana-hibrida-blanco-2\\\/\"]}]},{\"@type\":\"ImageObject\",\"inLanguage\":\"es\",\"@id\":\"https:\\\/\\\/hiperdecoracio.com\\\/es\\\/producte\\\/tkrom-membrana-hibrida-blanco-2\\\/#primaryimage\",\"url\":\"https:\\\/\\\/hiperdecoracio.com\\\/wp-content\\\/uploads\\\/2026\\\/02\\\/IMPERMEABILITZANTSMEMBRANA_HIBRIDA-2.jpg\",\"contentUrl\":\"https:\\\/\\\/hiperdecoracio.com\\\/wp-content\\\/uploads\\\/2026\\\/02\\\/IMPERMEABILITZANTSMEMBRANA_HIBRIDA-2.jpg\",\"width\":500,\"height\":500},{\"@type\":\"BreadcrumbList\",\"@id\":\"https:\\\/\\\/hiperdecoracio.com\\\/es\\\/producte\\\/tkrom-membrana-hibrida-blanco-2\\\/#breadcrumb\",\"itemListElement\":[{\"@type\":\"ListItem\",\"position\":1,\"name\":\"Inici\",\"item\":\"https:\\\/\\\/hiperdecoracio.com\\\/es\\\/\"},{\"@type\":\"ListItem\",\"position\":2,\"name\":\"Tienda\",\"item\":\"https:\\\/\\\/hiperdecoracio.com\\\/es\\\/tienda\\\/\"},{\"@type\":\"ListItem\",\"position\":3,\"name\":\"TKROM MEMBRANA HIBRIDA BLANCO\"}]},{\"@type\":\"WebSite\",\"@id\":\"https:\\\/\\\/hiperdecoracio.com\\\/es\\\/#website\",\"url\":\"https:\\\/\\\/hiperdecoracio.com\\\/es\\\/\",\"name\":\"Hiperdecoraci\u00f3\",\"description\":\"Tot en pintures i decoraci\u00f3\",\"publisher\":{\"@id\":\"https:\\\/\\\/hiperdecoracio.com\\\/es\\\/#organization\"},\"potentialAction\":[{\"@type\":\"SearchAction\",\"target\":{\"@type\":\"EntryPoint\",\"urlTemplate\":\"https:\\\/\\\/hiperdecoracio.com\\\/es\\\/?s={search_term_string}\"},\"query-input\":{\"@type\":\"PropertyValueSpecification\",\"valueRequired\":true,\"valueName\":\"search_term_string\"}}],\"inLanguage\":\"es\"},{\"@type\":\"Organization\",\"@id\":\"https:\\\/\\\/hiperdecoracio.com\\\/es\\\/#organization\",\"name\":\"Hiperdecoraci\u00f3n\",\"url\":\"https:\\\/\\\/hiperdecoracio.com\\\/es\\\/\",\"logo\":{\"@type\":\"ImageObject\",\"inLanguage\":\"es\",\"@id\":\"https:\\\/\\\/hiperdecoracio.com\\\/es\\\/#\\\/schema\\\/logo\\\/image\\\/\",\"url\":\"https:\\\/\\\/hiperdecoracio.com\\\/wp-content\\\/uploads\\\/2025\\\/05\\\/logo-hiperdecoracio.jpg.webp\",\"contentUrl\":\"https:\\\/\\\/hiperdecoracio.com\\\/wp-content\\\/uploads\\\/2025\\\/05\\\/logo-hiperdecoracio.jpg.webp\",\"width\":233,\"height\":84,\"caption\":\"Hiperdecoraci\u00f3n\"},\"image\":{\"@id\":\"https:\\\/\\\/hiperdecoracio.com\\\/es\\\/#\\\/schema\\\/logo\\\/image\\\/\"},\"sameAs\":[\"https:\\\/\\\/facebook.com\\\/Hiperdecoracio\",\"https:\\\/\\\/www.instagram.com\\\/hiperdecoracio\"]}]}<\/script>\n<!-- \/ Yoast SEO plugin. -->","yoast_head_json":{"title":"TKROM MEMBRANA HIBRIDA BLANCO - Hiperdecoraci\u00f3","robots":{"index":"index","follow":"follow","max-snippet":"max-snippet:-1","max-image-preview":"max-image-preview:large","max-video-preview":"max-video-preview:-1"},"canonical":"https:\/\/hiperdecoracio.com\/es\/producte\/tkrom-membrana-hibrida-blanco-2\/","og_locale":"es_ES","og_type":"article","og_title":"TKROM MEMBRANA HIBRIDA BLANCO - Hiperdecoraci\u00f3","og_description":"Recubrimiento que combina lo mejor de las dispersiones de poliuretano alif\u00e1tico y las resinas acr\u00edlicas autorreticulables, creando un recubrimiento impermeable de capa gruesa que evita completamente las filtraciones de agua y resiste el encharcamiento puntual. Gracias a la avanzada tecnolog\u00eda ELASTIK, esta membrana ofrece una flexibilidad extraordinaria y una alta resistencia a la tracci\u00f3n, adapt\u00e1ndose [&hellip;]","og_url":"https:\/\/hiperdecoracio.com\/es\/producte\/tkrom-membrana-hibrida-blanco-2\/","og_site_name":"Hiperdecoraci\u00f3","article_publisher":"https:\/\/facebook.com\/Hiperdecoracio","og_image":[{"width":500,"height":500,"url":"https:\/\/hiperdecoracio.com\/wp-content\/uploads\/2026\/02\/IMPERMEABILITZANTSMEMBRANA_HIBRIDA-2.jpg","type":"image\/jpeg"}],"twitter_card":"summary_large_image","twitter_misc":{"Tiempo de lectura":"1 minuto"},"schema":{"@context":"https:\/\/schema.org","@graph":[{"@type":"WebPage","@id":"https:\/\/hiperdecoracio.com\/es\/producte\/tkrom-membrana-hibrida-blanco-2\/","url":"https:\/\/hiperdecoracio.com\/es\/producte\/tkrom-membrana-hibrida-blanco-2\/","name":"TKROM MEMBRANA HIBRIDA BLANCO - Hiperdecoraci\u00f3","isPartOf":{"@id":"https:\/\/hiperdecoracio.com\/es\/#website"},"primaryImageOfPage":{"@id":"https:\/\/hiperdecoracio.com\/es\/producte\/tkrom-membrana-hibrida-blanco-2\/#primaryimage"},"image":{"@id":"https:\/\/hiperdecoracio.com\/es\/producte\/tkrom-membrana-hibrida-blanco-2\/#primaryimage"},"thumbnailUrl":"https:\/\/hiperdecoracio.com\/wp-content\/uploads\/2026\/02\/IMPERMEABILITZANTSMEMBRANA_HIBRIDA-2.jpg","datePublished":"2026-02-19T11:57:06+00:00","breadcrumb":{"@id":"https:\/\/hiperdecoracio.com\/es\/producte\/tkrom-membrana-hibrida-blanco-2\/#breadcrumb"},"inLanguage":"es","potentialAction":[{"@type":"ReadAction","target":["https:\/\/hiperdecoracio.com\/es\/producte\/tkrom-membrana-hibrida-blanco-2\/"]}]},{"@type":"ImageObject","inLanguage":"es","@id":"https:\/\/hiperdecoracio.com\/es\/producte\/tkrom-membrana-hibrida-blanco-2\/#primaryimage","url":"https:\/\/hiperdecoracio.com\/wp-content\/uploads\/2026\/02\/IMPERMEABILITZANTSMEMBRANA_HIBRIDA-2.jpg","contentUrl":"https:\/\/hiperdecoracio.com\/wp-content\/uploads\/2026\/02\/IMPERMEABILITZANTSMEMBRANA_HIBRIDA-2.jpg","width":500,"height":500},{"@type":"BreadcrumbList","@id":"https:\/\/hiperdecoracio.com\/es\/producte\/tkrom-membrana-hibrida-blanco-2\/#breadcrumb","itemListElement":[{"@type":"ListItem","position":1,"name":"Inici","item":"https:\/\/hiperdecoracio.com\/es\/"},{"@type":"ListItem","position":2,"name":"Tienda","item":"https:\/\/hiperdecoracio.com\/es\/tienda\/"},{"@type":"ListItem","position":3,"name":"TKROM MEMBRANA HIBRIDA BLANCO"}]},{"@type":"WebSite","@id":"https:\/\/hiperdecoracio.com\/es\/#website","url":"https:\/\/hiperdecoracio.com\/es\/","name":"Hiperdecoraci\u00f3","description":"Tot en pintures i decoraci\u00f3","publisher":{"@id":"https:\/\/hiperdecoracio.com\/es\/#organization"},"potentialAction":[{"@type":"SearchAction","target":{"@type":"EntryPoint","urlTemplate":"https:\/\/hiperdecoracio.com\/es\/?s={search_term_string}"},"query-input":{"@type":"PropertyValueSpecification","valueRequired":true,"valueName":"search_term_string"}}],"inLanguage":"es"},{"@type":"Organization","@id":"https:\/\/hiperdecoracio.com\/es\/#organization","name":"Hiperdecoraci\u00f3n","url":"https:\/\/hiperdecoracio.com\/es\/","logo":{"@type":"ImageObject","inLanguage":"es","@id":"https:\/\/hiperdecoracio.com\/es\/#\/schema\/logo\/image\/","url":"https:\/\/hiperdecoracio.com\/wp-content\/uploads\/2025\/05\/logo-hiperdecoracio.jpg.webp","contentUrl":"https:\/\/hiperdecoracio.com\/wp-content\/uploads\/2025\/05\/logo-hiperdecoracio.jpg.webp","width":233,"height":84,"caption":"Hiperdecoraci\u00f3n"},"image":{"@id":"https:\/\/hiperdecoracio.com\/es\/#\/schema\/logo\/image\/"},"sameAs":["https:\/\/facebook.com\/Hiperdecoracio","https:\/\/www.instagram.com\/hiperdecoracio"]}]}},"_links":{"self":[{"href":"https:\/\/hiperdecoracio.com\/es\/wp-json\/wp\/v2\/product\/8843","targetHints":{"allow":["GET"]}}],"collection":[{"href":"https:\/\/hiperdecoracio.com\/es\/wp-json\/wp\/v2\/product"}],"about":[{"href":"https:\/\/hiperdecoracio.com\/es\/wp-json\/wp\/v2\/types\/product"}],"replies":[{"embeddable":true,"href":"https:\/\/hiperdecoracio.com\/es\/wp-json\/wp\/v2\/comments?post=8843"}],"wp:featuredmedia":[{"embeddable":true,"href":"https:\/\/hiperdecoracio.com\/es\/wp-json\/wp\/v2\/media\/8656"}],"wp:attachment":[{"href":"https:\/\/hiperdecoracio.com\/es\/wp-json\/wp\/v2\/media?parent=8843"}],"wp:term":[{"taxonomy":"product_brand","embeddable":true,"href":"https:\/\/hiperdecoracio.com\/es\/wp-json\/wp\/v2\/product_brand?post=8843"},{"taxonomy":"product_cat","embeddable":true,"href":"https:\/\/hiperdecoracio.com\/es\/wp-json\/wp\/v2\/product_cat?post=8843"},{"taxonomy":"product_tag","embeddable":true,"href":"https:\/\/hiperdecoracio.com\/es\/wp-json\/wp\/v2\/product_tag?post=8843"}],"curies":[{"name":"wp","href":"https:\/\/api.w.org\/{rel}","templated":true}]}}